{"id":3695,"date":"2019-03-14T11:35:29","date_gmt":"2019-03-14T10:35:29","guid":{"rendered":"https:\/\/carlsten.se\/kunstspaziergang-auf-marstrand-2020\/"},"modified":"2025-05-21T11:51:36","modified_gmt":"2025-05-21T09:51:36","slug":"kunstspaziergang-auf-marstrand-2020","status":"publish","type":"page","link":"http:\/\/carlsten.se\/de\/kunstspaziergang-auf-marstrand-2020\/","title":{"rendered":"Kunstspaziergang auf Marstrand 2020"},"content":{"rendered":"<div class=\"wpb-content-wrapper\"><p>[vc_row][vc_column][vc_row_inner][vc_column_inner width=&#8220;1\/6&#8243;][\/vc_column_inner][vc_column_inner width=&#8220;2\/3&#8243;][vc_column_text]<\/p>\n<h3 style=\"text-align: center;\">Aufgrund von Einschr\u00e4nkungen durch das Corona-Virus wird der diesj\u00e4hrige Art Walk abgesagt. Wir werden nat\u00fcrlich n\u00e4chstes Jahr wiederkommen.<\/h3>\n<p style=\"text-align: center;\">Wir werden das Waffel-Caf\u00e9 jedoch wie geplant am Karfreitag \u00f6ffnen und \u00fcber Ostern ge\u00f6ffnet sein.<\/p>\n<p>[\/vc_column_text][\/vc_column_inner][vc_column_inner width=&#8220;1\/6&#8243;][\/vc_column_inner][\/vc_row_inner][\/vc_column][\/vc_row]<\/p>\n<\/div>","protected":false},"excerpt":{"rendered":"<p>[vc_row][vc_column][vc_row_inner][vc_column_inner width=&#8220;1\/6&#8243;][\/vc_column_inner][vc_column_inner width=&#8220;2\/3&#8243;][vc_column_text] Aufgrund von Einschr\u00e4nkungen durch das Corona-Virus wird der diesj\u00e4hrige Art Walk abgesagt. Wir werden nat\u00fcrlich n\u00e4chstes Jahr wiederkommen. Wir werden das Waffel-Caf\u00e9 jedoch wie geplant am Karfreitag \u00f6ffnen und \u00fcber Ostern ge\u00f6ffnet sein. [\/vc_column_text][\/vc_column_inner][vc_column_inner width=&#8220;1\/6&#8243;][\/vc_column_inner][\/vc_row_inner][\/vc_column][\/vc_row]<\/p>\n","protected":false},"author":1,"featured_media":0,"parent":0,"menu_order":0,"comment_status":"closed","ping_status":"closed","template":"","meta":{"footnotes":""},"class_list":["post-3695","page","type-page","status-publish","hentry"],"_links":{"self":[{"href":"http:\/\/carlsten.se\/de\/wp-json\/wp\/v2\/pages\/3695","targetHints":{"allow":["GET"]}}],"collection":[{"href":"http:\/\/carlsten.se\/de\/wp-json\/wp\/v2\/pages"}],"about":[{"href":"http:\/\/carlsten.se\/de\/wp-json\/wp\/v2\/types\/page"}],"author":[{"embeddable":true,"href":"http:\/\/carlsten.se\/de\/wp-json\/wp\/v2\/users\/1"}],"replies":[{"embeddable":true,"href":"http:\/\/carlsten.se\/de\/wp-json\/wp\/v2\/comments?post=3695"}],"version-history":[{"count":2,"href":"http:\/\/carlsten.se\/de\/wp-json\/wp\/v2\/pages\/3695\/revisions"}],"predecessor-version":[{"id":3701,"href":"http:\/\/carlsten.se\/de\/wp-json\/wp\/v2\/pages\/3695\/revisions\/3701"}],"wp:attachment":[{"href":"http:\/\/carlsten.se\/de\/wp-json\/wp\/v2\/media?parent=3695"}],"curies":[{"name":"wp","href":"https:\/\/api.w.org\/{rel}","templated":true}]}}