{"id":3750,"date":"2017-01-18T12:18:08","date_gmt":"2017-01-18T11:18:08","guid":{"rendered":"https:\/\/carlsten.se\/gilde-marstrand\/"},"modified":"2026-03-24T09:47:25","modified_gmt":"2026-03-24T08:47:25","slug":"gilde-marstrand","status":"publish","type":"page","link":"http:\/\/carlsten.se\/de\/gilde-marstrand\/","title":{"rendered":"Gilde Marstrand"},"content":{"rendered":"<div class=\"wpb-content-wrapper\"><p>[vc_row css=&#8220;.vc_custom_1484678235441{margin-top: 60px !important;}&#8220;][vc_column width=&#8220;1\/2&#8243;][vc_column_text css=&#8220;&#8220;]<i class=\"fa fa-cutlery\"><\/i> <a href=\"https:\/\/carlsten.se\/de\/carlstens-menues\/\"><strong>Carlsten Men\u00fcs<\/strong><\/a><\/p>\n<h1>Gilde Marstrand<\/h1>\n<p>In einem der historischen R\u00e4umlichkeiten von Carlsten bieten wir dieses Buffet an, bei dem wir versprechen, dass niemand hungrig bleiben muss. Es ist f\u00fcr jeden etwas dabei. Ein Festmahl f\u00fcr drei Tage, k\u00f6nnte man sagen. Ein echter Favorit.[\/vc_column_text][\/vc_column][vc_column width=&#8220;1\/2&#8243;][vc_single_image image=&#8220;3430&#8243; img_size=&#8220;full&#8220;][\/vc_column][\/vc_row][vc_row full_width=&#8220;stretch_row&#8220; equal_height=&#8220;yes&#8220; css=&#8220;.vc_custom_1484687778133{margin-top: 30px !important;margin-bottom: 60px !important;background-color: #f4f6f6 !important;}&#8220;][vc_column width=&#8220;2\/3&#8243; el_class=&#8220;carlsten-konferens-wrap&#8220;][vc_single_image image=&#8220;3498&#8243; img_size=&#8220;full&#8220; alignment=&#8220;center&#8220; css=&#8220;.vc_custom_1484681348000{margin-bottom: 0px !important;padding-top: 20px !important;padding-bottom: 10px !important;background-color: #f4f6f6 !important;}&#8220;][vc_column_text css=&#8220;.vc_custom_1774342014772{margin-bottom: 0px !important;padding-top: 50px !important;padding-right: 20px !important;padding-bottom: 50px !important;padding-left: 20px !important;background-color: #f4f6f6 !important;}&#8220;]<\/p>\n<h2 style=\"text-align: center;\">Men\u00fc<\/h2>\n<h4 style=\"text-align: center;\">Es wird ein Begr\u00fc\u00dfungsgetr\u00e4nk serviert<\/h4>\n<p style=\"text-align: center;\">1 Glas Sekt<\/p>\n<h4 style=\"text-align: center;\">Das Buffet serviert<\/h4>\n<p style=\"text-align: center;\">Frisch gebackenes Brot<br \/>\nGer\u00fchrte Butter<br \/>\nGr\u00fcner Salat<br \/>\nKnoblauchmayonnaise<br \/>\nSauce B\u00e9arnaise<br \/>\nBarbecue-Sauce<br \/>\nMarinierte Zwiebeln<br \/>\nChampignons<br \/>\nKartoffelgratin<br \/>\nMit Honig ger\u00f6stete Rote Bete<br \/>\nMit Chevre gratinierter Spargel<br \/>\nGebratenes Gem\u00fcse<\/p>\n<h4 style=\"text-align: center;\">Vom Tisch des Metzgers werden serviert<\/h4>\n<p style=\"text-align: center;\">Lammsteak provencal\u00e9<br \/>\nSteak mit Honig gegrilltem Schinken<br \/>\nLachsfilet mit Zitrone gebacken<\/p>\n<h4 style=\"text-align: center;\">Nachspeise<\/h4>\n<p style=\"text-align: center;\">Apfelkuchen mit Vanillepudding und Kaffee<\/p>\n<h4 style=\"text-align: center;\">Die folgenden Getr\u00e4nke werden serviert<\/h4>\n<p style=\"text-align: center;\">Eine halbe Flasche Wein pro Person<\/p>\n<p>[\/vc_column_text][vc_column_text css=&#8220;.vc_custom_1774342026598{margin-top: 0px !important;border-top-width: 1px !important;border-bottom-width: 1px !important;padding-top: 15px !important;padding-bottom: 15px !important;border-top-style: solid !important;border-bottom-style: solid !important;border-color: #c3dbdb !important;}&#8220;]<\/p>\n<h3 style=\"text-align: center;\">1265 kr \/ Person<\/h3>\n<p>[\/vc_column_text][vc_column_text]<\/p>\n<p style=\"text-align: center;\">Der Preis enth\u00e4lt die Mehrwertsteuer pro Person. Bei einer Mindestteilnehmerzahl von 25 Personen <\/p>\n<p style=\"text-align: center;\"><a href=\"https:\/\/carlsten.se\/de\/carlstens-menues\/\">Siehe alle unsere Men\u00fcs<\/a><\/p>\n<p>[\/vc_column_text][\/vc_column][vc_column width=&#8220;1\/3&#8243; css=&#8220;.vc_custom_1484681050386{border-left-width: 2px !important;padding-top: 25px !important;padding-right: 25px !important;padding-bottom: 25px !important;padding-left: 25px !important;border-left-color: #c3dbdb !important;border-left-style: solid !important;}&#8220;][vc_single_image image=&#8220;3508&#8243; img_size=&#8220;full&#8220;][vc_column_text]Senden Sie eine Anfrage.[\/vc_column_text][\/vc_column][\/vc_row][vc_row el_class=&#8220;carlsten-signatur-wrap&#8220;][vc_column width=&#8220;1\/6&#8243;][vc_single_image image=&#8220;3480&#8243; style=&#8220;vc_box_circle&#8220; el_class=&#8220;carlsten-signatur-image&#8220;][\/vc_column][vc_column width=&#8220;5\/6&#8243;][vc_column_text el_class=&#8220;carlsten-signatur-text&#8220;]F\u00fcr Buchungen und Fragen kontaktieren Sie mich bitte[\/vc_column_text][vc_column_text el_class=&#8220;carlsten-signatur-signatur&#8220;]Herr Thomas Berndtsson[\/vc_column_text][vc_column_text el_class=&#8220;carlsten-signatur-kontakt&#8220;]<i class=\"fa fa-envelope\"><\/i> thomas@carlstenrestaurang.se <i class=\"fa fa-phone\"><\/i> 0709-10 56 01[\/vc_column_text][\/vc_column][\/vc_row]<\/p>\n<\/div>","protected":false},"excerpt":{"rendered":"<p>[vc_row css=&#8220;.vc_custom_1484678235441{margin-top: 60px !important;}&#8220;][vc_column width=&#8220;1\/2&#8243;][vc_column_text css=&#8220;&#8220;] Carlsten Men\u00fcs Gilde Marstrand In einem der historischen R\u00e4umlichkeiten von Carlsten bieten wir dieses Buffet an, bei dem wir versprechen, dass niemand hungrig bleiben muss. Es ist f\u00fcr jeden etwas dabei. Ein Festmahl f\u00fcr drei Tage, k\u00f6nnte man sagen. Ein echter Favorit.[\/vc_column_text][\/vc_column][vc_column width=&#8220;1\/2&#8243;][vc_single_image image=&#8220;3430&#8243; img_size=&#8220;full&#8220;][\/vc_column][\/vc_row][vc_row full_width=&#8220;stretch_row&#8220; equal_height=&#8220;yes&#8220; css=&#8220;.vc_custom_1484687778133{margin-top: 30px &hellip; <a href=\"http:\/\/carlsten.se\/de\/gilde-marstrand\/\" title=\"Gilde Marstrand\" class=\"read-more\">Read More<\/a><\/p>\n","protected":false},"author":1,"featured_media":0,"parent":0,"menu_order":0,"comment_status":"closed","ping_status":"closed","template":"","meta":{"footnotes":""},"class_list":["post-3750","page","type-page","status-publish","hentry"],"_links":{"self":[{"href":"http:\/\/carlsten.se\/de\/wp-json\/wp\/v2\/pages\/3750","targetHints":{"allow":["GET"]}}],"collection":[{"href":"http:\/\/carlsten.se\/de\/wp-json\/wp\/v2\/pages"}],"about":[{"href":"http:\/\/carlsten.se\/de\/wp-json\/wp\/v2\/types\/page"}],"author":[{"embeddable":true,"href":"http:\/\/carlsten.se\/de\/wp-json\/wp\/v2\/users\/1"}],"replies":[{"embeddable":true,"href":"http:\/\/carlsten.se\/de\/wp-json\/wp\/v2\/comments?post=3750"}],"version-history":[{"count":11,"href":"http:\/\/carlsten.se\/de\/wp-json\/wp\/v2\/pages\/3750\/revisions"}],"predecessor-version":[{"id":4892,"href":"http:\/\/carlsten.se\/de\/wp-json\/wp\/v2\/pages\/3750\/revisions\/4892"}],"wp:attachment":[{"href":"http:\/\/carlsten.se\/de\/wp-json\/wp\/v2\/media?parent=3750"}],"curies":[{"name":"wp","href":"https:\/\/api.w.org\/{rel}","templated":true}]}}