{"id":3795,"date":"2017-01-18T12:22:05","date_gmt":"2017-01-18T11:22:05","guid":{"rendered":"https:\/\/carlsten.se\/wikingerfest\/"},"modified":"2026-03-24T09:49:10","modified_gmt":"2026-03-24T08:49:10","slug":"wikingerfest","status":"publish","type":"page","link":"https:\/\/carlsten.se\/de\/wikingerfest\/","title":{"rendered":"Wikingerfest"},"content":{"rendered":"<div class=\"wpb-content-wrapper\"><p>[vc_row css=&#8220;.vc_custom_1484678235441{margin-top: 60px !important;}&#8220;][vc_column width=&#8220;1\/2&#8243;][vc_column_text css=&#8220;&#8220;]<i class=\"fa fa-cutlery\"><\/i> <a href=\"https:\/\/carlsten.se\/de\/carlstens-menues\/\"><strong>Carlsten Men\u00fcs<\/strong><\/a><\/p>\n<h1>Wikingerfest<\/h1>\n<p>Die Geschichte von Marstrand reicht weit zur\u00fcck. Marstrand wurde erstmals in den alten isl\u00e4ndischen Wikingersagen erw\u00e4hnt. Bei Carlstens F\u00e4stning deckten wir den Tisch f\u00fcr ein f\u00fcnfg\u00e4ngiges Wikingeressen. Die G\u00e4ste essen mit grobem Besteck oder den H\u00e4nden und trinken aus echten Stierh\u00f6rnern. Das Personal ist in Wikingerkleidung gekleidet. Der Raum ist mit Schilden, Waffen und Fellen geschm\u00fcckt.[\/vc_column_text][\/vc_column][vc_column width=&#8220;1\/2&#8243;][vc_single_image image=&#8220;3430&#8243; img_size=&#8220;full&#8220;][\/vc_column][\/vc_row][vc_row full_width=&#8220;stretch_row&#8220; equal_height=&#8220;yes&#8220; css=&#8220;.vc_custom_1484687778133{margin-top: 30px !important;margin-bottom: 60px !important;background-color: #f4f6f6 !important;}&#8220;][vc_column width=&#8220;2\/3&#8243; el_class=&#8220;carlsten-konferens-wrap&#8220;][vc_single_image image=&#8220;3498&#8243; img_size=&#8220;full&#8220; alignment=&#8220;center&#8220; css=&#8220;.vc_custom_1484681348000{margin-bottom: 0px !important;padding-top: 20px !important;padding-bottom: 10px !important;background-color: #f4f6f6 !important;}&#8220;][vc_column_text css=&#8220;.vc_custom_1735794292984{margin-bottom: 0px !important;padding-top: 50px !important;padding-right: 20px !important;padding-bottom: 50px !important;padding-left: 20px !important;background-color: #f4f6f6 !important;}&#8220;]<\/p>\n<h2>Men\u00fc<\/h2>\n<p>Wikingerblut<\/p>\n<h4>Die erste Einladung besteht aus<\/h4>\n<p>K\u00f6rbe mit ganzem Gem\u00fcse<br \/>\nFrisch gebackenes Brot und Butter<br \/>\nGebackene Kartoffeln mit aromatisierter Butter<br \/>\nRippchen<\/p>\n<h4>Die zweite Einladung besteht aus<\/h4>\n<p>Gegrillte H\u00fchnerkeule<\/p>\n<h4>Die dritte Einladung besteht aus<\/h4>\n<p>Lammbraten<\/p>\n<h4>Die vierte Aufforderung besteht aus<\/h4>\n<p>Mit Honig gebratener Schweinebauch<\/p>\n<h4>Dessert und Kaffee<\/h4>\n<p>Hausgemachter Apfelkuchen mit Pudding<\/p>\n<h4>Die folgenden Getr\u00e4nke werden serviert<\/h4>\n<p>Eine halbe Flasche Rotwein pro Person und Kaffee[\/vc_column_text][vc_column_text css=&#8220;.vc_custom_1774342129089{margin-top: 0px !important;border-top-width: 1px !important;border-bottom-width: 1px !important;padding-top: 15px !important;padding-bottom: 15px !important;border-top-style: solid !important;border-bottom-style: solid !important;border-color: #c3dbdb !important;}&#8220;]<\/p>\n<h3 style=\"text-align: center;\">1178 kr \/ Person<\/h3>\n<p>[\/vc_column_text][vc_column_text]<\/p>\n<p style=\"text-align: center;\">Der Preis enth\u00e4lt die Mehrwertsteuer pro Person. Bei einer Mindestteilnehmerzahl von 25 Personen <\/p>\n<p style=\"text-align: center;\"><a href=\"https:\/\/carlsten.se\/de\/carlstens-menues\/\">Siehe alle unsere Men\u00fcs<\/a><\/p>\n<p>[\/vc_column_text][\/vc_column][vc_column width=&#8220;1\/3&#8243; css=&#8220;.vc_custom_1484681050386{border-left-width: 2px !important;padding-top: 25px !important;padding-right: 25px !important;padding-bottom: 25px !important;padding-left: 25px !important;border-left-color: #c3dbdb !important;border-left-style: solid !important;}&#8220;][vc_single_image image=&#8220;3510&#8243; img_size=&#8220;full&#8220;][vc_column_text]Senden Sie eine Anfrage.[\/vc_column_text][\/vc_column][\/vc_row][vc_row el_class=&#8220;carlsten-signatur-wrap&#8220;][vc_column width=&#8220;1\/6&#8243;][vc_single_image image=&#8220;3480&#8243; style=&#8220;vc_box_circle&#8220; el_class=&#8220;carlsten-signatur-image&#8220;][\/vc_column][vc_column width=&#8220;5\/6&#8243;][vc_column_text el_class=&#8220;carlsten-signatur-text&#8220;]F\u00fcr Buchungen und Fragen kontaktieren Sie mich bitte[\/vc_column_text][vc_column_text el_class=&#8220;carlsten-signatur-signatur&#8220;]Herr Thomas Berndtsson[\/vc_column_text][vc_column_text el_class=&#8220;carlsten-signatur-kontakt&#8220;]<i class=\"fa fa-envelope\"><\/i> thomas@carlstenrestaurang.se <i class=\"fa fa-phone\"><\/i> 0709-10 56 01[\/vc_column_text][\/vc_column][\/vc_row]<\/p>\n<\/div>","protected":false},"excerpt":{"rendered":"<p>[vc_row css=&#8220;.vc_custom_1484678235441{margin-top: 60px !important;}&#8220;][vc_column width=&#8220;1\/2&#8243;][vc_column_text css=&#8220;&#8220;] Carlsten Men\u00fcs Wikingerfest Die Geschichte von Marstrand reicht weit zur\u00fcck. Marstrand wurde erstmals in den alten isl\u00e4ndischen Wikingersagen erw\u00e4hnt. Bei Carlstens F\u00e4stning deckten wir den Tisch f\u00fcr ein f\u00fcnfg\u00e4ngiges Wikingeressen. Die G\u00e4ste essen mit grobem Besteck oder den H\u00e4nden und trinken aus echten Stierh\u00f6rnern. Das Personal ist in Wikingerkleidung &hellip; <a href=\"https:\/\/carlsten.se\/de\/wikingerfest\/\" title=\"Wikingerfest\" class=\"read-more\">Read More<\/a><\/p>\n","protected":false},"author":1,"featured_media":0,"parent":0,"menu_order":0,"comment_status":"closed","ping_status":"closed","template":"","meta":{"footnotes":""},"class_list":["post-3795","page","type-page","status-publish","hentry"],"_links":{"self":[{"href":"https:\/\/carlsten.se\/de\/wp-json\/wp\/v2\/pages\/3795","targetHints":{"allow":["GET"]}}],"collection":[{"href":"https:\/\/carlsten.se\/de\/wp-json\/wp\/v2\/pages"}],"about":[{"href":"https:\/\/carlsten.se\/de\/wp-json\/wp\/v2\/types\/page"}],"author":[{"embeddable":true,"href":"https:\/\/carlsten.se\/de\/wp-json\/wp\/v2\/users\/1"}],"replies":[{"embeddable":true,"href":"https:\/\/carlsten.se\/de\/wp-json\/wp\/v2\/comments?post=3795"}],"version-history":[{"count":7,"href":"https:\/\/carlsten.se\/de\/wp-json\/wp\/v2\/pages\/3795\/revisions"}],"predecessor-version":[{"id":4903,"href":"https:\/\/carlsten.se\/de\/wp-json\/wp\/v2\/pages\/3795\/revisions\/4903"}],"wp:attachment":[{"href":"https:\/\/carlsten.se\/de\/wp-json\/wp\/v2\/media?parent=3795"}],"curies":[{"name":"wp","href":"https:\/\/api.w.org\/{rel}","templated":true}]}}