{"id":3890,"date":"2017-01-16T18:30:08","date_gmt":"2017-01-16T17:30:08","guid":{"rendered":"https:\/\/carlsten.se\/weihnachtstisch-in-der-festung-carlsten-2025\/"},"modified":"2026-01-08T09:33:49","modified_gmt":"2026-01-08T08:33:49","slug":"weihnachtstisch-in-der-festung-carlsten-2025","status":"publish","type":"page","link":"https:\/\/carlsten.se\/de\/weihnachtstisch-in-der-festung-carlsten-2025\/","title":{"rendered":"Weihnachtstisch auf der Festung Carlsten"},"content":{"rendered":"<div class=\"wpb-content-wrapper\"><p>[vc_row full_width=&#8220;stretch_row&#8220; parallax=&#8220;content-moving&#8220; parallax_image=&#8220;703&#8243; css=&#8220;.vc_custom_1655107236734{background-color: #f4f6f6 !important;}&#8220;][vc_column width=&#8220;1\/6&#8243;][\/vc_column][vc_column width=&#8220;2\/3&#8243;][vc_single_image image=&#8220;3356&#8243; img_size=&#8220;full&#8220; style=&#8220;vc_box_shadow_border&#8220; css=&#8220;.vc_custom_1484593237485{border: 8px solid #ffffff !important;}&#8220;][\/vc_column][vc_column width=&#8220;1\/6&#8243;][\/vc_column][\/vc_row][vc_row full_width=&#8220;stretch_row&#8220; el_class=&#8220;ho-infobox-wrapper&#8220;][vc_column][vc_message icon_fontawesome=&#8220;fa fa-solid fa-snowflake&#8220; css_animation=&#8220;fadeIn&#8220; css=&#8220;&#8220; el_class=&#8220;ho-infobox&#8220;]<span style=\"font-size: 18px;\">Wir danken allen G\u00e4sten, die mit uns Marstrands gr\u00f6\u00dftes Weihnachtsbuffet besucht haben. F\u00fcr diejenigen, die es verpasst haben, wird es 2026 eine weitere Gelegenheit geben, wahrscheinlich mit dem gleichen Arrangement wie unten. <\/span><\/p>\n<p><em><strong>Vielen Dank an alle Mitarbeiter und G\u00e4ste, die dies m\u00f6glich gemacht haben, w\u00fcnscht Thomas &amp; Nina Berndtsson<\/strong><\/em>[\/vc_message][\/vc_column][\/vc_row][vc_row full_width=&#8220;stretch_row&#8220; parallax=&#8220;content-moving&#8220; css=&#8220;.vc_custom_1655107212245{margin-bottom: 50px !important;background-color: #f2f6f6 !important;}&#8220;][vc_column width=&#8220;1\/6&#8243;][\/vc_column][vc_column width=&#8220;2\/3&#8243;][vc_column_text css=&#8220;&#8220;]<\/p>\n<h2>Willkommen zum Weihnachtstisch in der Carlsten Festung 2026<\/h2>\n<h6><em>Wir treffen alle G\u00e4ste am F\u00e4hranleger auf Marstrands\u00f6n zu einem gemeinsamen Fackelzug (wetterabh\u00e4ngig) hinauf zum Kungsporten, wo wir vom diensthabenden Offizier in karolingischer Uniform begr\u00fc\u00dft werden. Bei einem Gl\u00fchwein- und Lebkuchenstopp erfahren Sie etwas \u00fcber die Geschichte der Festung Carlsten, bevor Sie zum Rittersaal hinaufgehen, wo das gr\u00f6\u00dfte Weihnachtsbuffet Marstrands serviert wird. <\/em><\/h6>\n<ul>\n<li>\n<h6><em>Freitags und samstags \u00f6ffnen wir nach dem Abendessen die Bar im Battery Wing mit Musik\/Tanz\/Bar.<\/em><\/h6>\n<\/li>\n<li>\n<h6><em>Freitags und samstags treffen wir uns um 18.10 Uhr.<\/em><\/h6>\n<\/li>\n<li>\n<h6><em>Sonntags um 16.10 Uhr<\/em><\/h6>\n<\/li>\n<li>\n<h6><em>Die F\u00e4hre von Ko\u00f6n f\u00e4hrt um 16.07 bzw. 18.07 Uhr.<\/em><\/h6>\n<\/li>\n<\/ul>\n<h4><\/h4>\n<p>[\/vc_column_text][vc_column_text css=&#8220;&#8220;]<strong>Preise <\/strong><\/p>\n<p>Erwachsene: 870 SEK\/Person<br \/>\nKinder: 7 &#8211; 12 Jahre: 445 SEK, 3 &#8211; 6 Jahre 290 SEK[\/vc_column_text][\/vc_column][vc_column width=&#8220;1\/6&#8243;][\/vc_column][\/vc_row][vc_row gap=&#8220;25&#8243; css=&#8220;.vc_custom_1623732571379{margin-bottom: 50px !important;}&#8220;][vc_column width=&#8220;2\/3&#8243; el_class=&#8220;carlsten-julbord-wrap&#8220; css=&#8220;.vc_custom_1655107380462{background-color: #f2f6f6 !important;}&#8220;][vc_column_text css=&#8220;&#8220;]<\/p>\n<h3>Datum 2026<\/h3>\n<p>[\/vc_column_text][vc_row_inner css=&#8220;.vc_custom_1623732617141{background-color: #f4f6f6 !important;}&#8220; el_class=&#8220;carlsten-table-inner-row&#8220;][vc_column_inner el_class=&#8220;carlsten-table-column&#8220; width=&#8220;1\/3&#8243;][vc_column_text css=&#8220;&#8220; el_class=&#8220;carlsten-date&#8220;]Freitag 27 Nov[\/vc_column_text][\/vc_column_inner][vc_column_inner el_class=&#8220;carlsten-table-column&#8220; width=&#8220;1\/3&#8243;][vc_column_text css=&#8220;&#8220; el_class=&#8220;carlsten-date&#8220;]Samstag 28 Nov[\/vc_column_text][\/vc_column_inner][vc_column_inner el_class=&#8220;carlsten-table-column&#8220; width=&#8220;1\/3&#8243;][\/vc_column_inner][\/vc_row_inner][vc_row_inner css=&#8220;.vc_custom_1484568658606{background-color: #f4f6f6 !important;}&#8220; el_class=&#8220;carlsten-table-inner-row&#8220;][vc_column_inner el_class=&#8220;carlsten-table-column&#8220; width=&#8220;1\/3&#8243;][vc_column_text css=&#8220;&#8220; el_class=&#8220;carlsten-date&#8220;]Freitag, 4. Dezember[\/vc_column_text][\/vc_column_inner][vc_column_inner el_class=&#8220;carlsten-table-column&#8220; width=&#8220;1\/3&#8243;][vc_column_text css=&#8220;&#8220; el_class=&#8220;carlsten-date&#8220;]Samstag, 5. Dezember[\/vc_column_text][\/vc_column_inner][vc_column_inner el_class=&#8220;carlsten-table-column&#8220; width=&#8220;1\/3&#8243;][\/vc_column_inner][\/vc_row_inner][vc_row_inner css=&#8220;.vc_custom_1484568658606{background-color: #f4f6f6 !important;}&#8220; el_class=&#8220;carlsten-table-inner-row&#8220;][vc_column_inner width=&#8220;1\/3&#8243;][vc_column_text css=&#8220;&#8220; el_class=&#8220;carlsten-date&#8220;]Freitag 11 Dez[\/vc_column_text][\/vc_column_inner][vc_column_inner width=&#8220;1\/3&#8243;][vc_column_text css=&#8220;&#8220; el_class=&#8220;carlsten-date&#8220;]Samstag 12 Dez[\/vc_column_text][\/vc_column_inner][vc_column_inner width=&#8220;1\/3&#8243;][vc_column_text css=&#8220;&#8220; el_class=&#8220;carlsten-date&#8220;]Sonntag, 13. Dezember[\/vc_column_text][\/vc_column_inner][\/vc_row_inner][vc_row_inner css=&#8220;.vc_custom_1484568658606{background-color: #f4f6f6 !important;}&#8220; el_class=&#8220;carlsten-table-inner-row&#8220;][vc_column_inner width=&#8220;1\/3&#8243;][vc_column_text css=&#8220;&#8220; el_class=&#8220;carlsten-date&#8220;]Freitag 18 Dez[\/vc_column_text][\/vc_column_inner][vc_column_inner width=&#8220;1\/3&#8243;][vc_column_text css=&#8220;&#8220; el_class=&#8220;carlsten-date&#8220;]Samstag 19 Dez[\/vc_column_text][\/vc_column_inner][vc_column_inner width=&#8220;1\/3&#8243;][\/vc_column_inner][\/vc_row_inner][vc_column_text css=&#8220;.vc_custom_1655107465240{border-top-width: 1px !important;border-bottom-width: 1px !important;padding-top: 25px !important;padding-right: 25px !important;padding-bottom: 25px !important;padding-left: 25px !important;background-color: #f4f6f6 !important;border-top-color: #175f6d !important;border-top-style: solid !important;border-bottom-color: #175f6d !important;border-bottom-style: solid !important;}&#8220;]<\/p>\n<ul>\n<li class=\"MAIN_br\u00f6dtext\">Wenn ein Datum durchgestrichen ist, bedeutet dies, dass es f\u00fcr dieses Datum ausgebucht ist.<\/li>\n<li class=\"MAIN_br\u00f6dtext\">Gr\u00f6\u00dfere Gruppen k\u00f6nnen auch andere Tage buchen.<\/li>\n<\/ul>\n<p>[\/vc_column_text][vc_row_inner][vc_column_inner width=&#8220;1\/2&#8243;][vc_column_text css=&#8220;.vc_custom_1767861124430{margin-top: 30px !important;}&#8220;]<\/p>\n<h3>Preis Weihnachtstisch<\/h3>\n<p>Erwachsene: 870 SEK[\/vc_column_text][\/vc_column_inner][vc_column_inner width=&#8220;1\/2&#8243;][vc_column_text css=&#8220;.vc_custom_1767861153531{margin-top: 30px !important;}&#8220;]<\/p>\n<h3>Familiensonntag<\/h3>\n<p>Weihnachtstisch f\u00fcr 780 kr<br \/>\nKinder 7-12 Jahre: 445 SEK<br \/>\nKinder 3-6 Jahre: 290 SEK<br \/>\nKinder 0-2 Jahre: Kostenlos[\/vc_column_text][\/vc_column_inner][\/vc_row_inner][vc_column_text css=&#8220;.vc_custom_1706702754853{margin-top: 30px !important;}&#8220;]<\/p>\n<h3>Buchen Sie<\/h3>\n<p>Der einfachste Weg zu buchen ist, das Formular auf dieser Seite auszuf\u00fcllen. Es ist auch m\u00f6glich, Ihre Buchung per E-Mail an thomas@carlstenrestaurang.se oder telefonisch unter 0709-10 56 01[\/vc_column_text][\/vc_column][vc_column width=&#8220;1\/3&#8243; css=&#8220;.vc_custom_1767858292316{background-color: #f4f6f6 !important;}&#8220; el_class=&#8220;hide&#8220;][vc_single_image image=&#8220;3424&#8243; img_size=&#8220;full&#8220; css=&#8220;.vc_custom_1484596508388{margin-top: 0px !important;margin-right: 0px !important;margin-bottom: 25px !important;margin-left: 0px !important;padding-top: 0px !important;padding-right: 0px !important;padding-bottom: 0px !important;padding-left: 0px !important;}&#8220;][vc_column_text css=&#8220;&#8220;]<\/p>\n<h2>Hier buchen<\/h2>\n<p>Wenn Sie Fragen zum Weihnachtstisch haben, senden Sie bitte eine E-Mail an Thomas  <a href=\"mailto:thomas@1860.se\">thomas@1860.se<\/a><a href=\"mailto:thomas@1860.se\"><br \/>\n<\/a><strong>*<\/strong> = Pflichtfeld[\/vc_column_text]<div class=\"wpforms-container wpforms-container-full\" id=\"wpforms-2077\"><form id=\"wpforms-form-2077\" class=\"wpforms-validate wpforms-form\" data-formid=\"2077\" method=\"post\" enctype=\"multipart\/form-data\" action=\"\/de\/wp-json\/wp\/v2\/pages\/3890\" data-token=\"2126962b693e8690219adc6520034fe8\"><noscript class=\"wpforms-error-noscript\">Bitte aktivieren Sie JavaScript in Ihrem Browser, um dieses Formular auszuf\u00fcllen.<\/noscript><div class=\"wpforms-field-container\"><div id=\"wpforms-2077-field_1-container\" class=\"wpforms-field wpforms-field-name\" data-field-id=\"1\"><label class=\"wpforms-field-label\" for=\"wpforms-2077-field_1\">Namn <span class=\"wpforms-required-label\">*<\/span><\/label><div class=\"wpforms-field-row wpforms-field-large\"><div class=\"wpforms-field-row-block wpforms-first wpforms-one-half\"><input type=\"text\" id=\"wpforms-2077-field_1\" class=\"wpforms-field-name-first wpforms-field-required\" name=\"wpforms[fields][1][first]\" required><label for=\"wpforms-2077-field_1\" class=\"wpforms-field-sublabel after wpforms-sublabel-hide\">Erste<\/label><\/div><div class=\"wpforms-field-row-block wpforms-one-half\"><input type=\"text\" id=\"wpforms-2077-field_1-last\" class=\"wpforms-field-name-last wpforms-field-required\" name=\"wpforms[fields][1][last]\" required><label for=\"wpforms-2077-field_1-last\" class=\"wpforms-field-sublabel after wpforms-sublabel-hide\">Zuletzt<\/label><\/div><\/div><\/div><div id=\"wpforms-2077-field_2-container\" class=\"wpforms-field wpforms-field-email\" data-field-id=\"2\"><label class=\"wpforms-field-label\" for=\"wpforms-2077-field_2\">E-post <span class=\"wpforms-required-label\">*<\/span><\/label><input type=\"email\" id=\"wpforms-2077-field_2\" class=\"wpforms-field-large wpforms-field-required\" name=\"wpforms[fields][2]\" required><\/div><div id=\"wpforms-2077-field_3-container\" class=\"wpforms-field wpforms-field-phone\" data-field-id=\"3\"><label class=\"wpforms-field-label\" for=\"wpforms-2077-field_3\">Telefon <span class=\"wpforms-required-label\">*<\/span><\/label><input type=\"tel\" id=\"wpforms-2077-field_3\" class=\"wpforms-field-large wpforms-field-required\" data-rule-int-phone-field=\"true\" name=\"wpforms[fields][3]\" required><\/div><div id=\"wpforms-2077-field_15-container\" class=\"wpforms-field wpforms-field-text\" data-field-id=\"15\"><label class=\"wpforms-field-label\" for=\"wpforms-2077-field_15\">Ort \/ Stad <span class=\"wpforms-required-label\">*<\/span><\/label><input type=\"text\" id=\"wpforms-2077-field_15\" class=\"wpforms-field-large wpforms-field-required\" name=\"wpforms[fields][15]\" required><\/div><div id=\"wpforms-2077-field_5-container\" class=\"wpforms-field wpforms-field-select wpforms-field-select-style-classic\" data-field-id=\"5\"><label class=\"wpforms-field-label\" for=\"wpforms-2077-field_5\">Antal vuxna (\u00f6ver 12 \u00e5r) <span class=\"wpforms-required-label\">*<\/span><\/label><select id=\"wpforms-2077-field_5\" class=\"wpforms-field-large wpforms-field-required\" name=\"wpforms[fields][5]\" required=\"required\"><option value=\"\" class=\"placeholder\" disabled  selected='selected'>V\u00e4lj antal vuxna \u00f6ver 12 \u00e5r<\/option><option value=\"1\" >1<\/option><option value=\"2\" >2<\/option><option value=\"3\" >3<\/option><option value=\"4\" >4<\/option><option value=\"5\" >5<\/option><option value=\"6\" >6<\/option><option value=\"7\" >7<\/option><option value=\"8\" >8<\/option><option value=\"9\" >9<\/option><option value=\"10\" >10<\/option><option value=\"11\" >11<\/option><option value=\"12\" >12<\/option><option value=\"13\" >13<\/option><option value=\"14\" >14<\/option><option value=\"15\" >15<\/option><option value=\"16\" >16<\/option><option value=\"17\" >17<\/option><option value=\"18\" >18<\/option><option value=\"19\" >19<\/option><option value=\"20\" >20<\/option><option value=\"Fler \u00e4n 20\" >Fler \u00e4n 20<\/option><\/select><\/div><div id=\"wpforms-2077-field_6-container\" class=\"wpforms-field wpforms-field-select wpforms-field-select-style-classic\" data-field-id=\"6\"><label class=\"wpforms-field-label\" for=\"wpforms-2077-field_6\">Antal barn (7-12 \u00e5r) <span class=\"wpforms-required-label\">*<\/span><\/label><select id=\"wpforms-2077-field_6\" class=\"wpforms-field-large wpforms-field-required\" name=\"wpforms[fields][6]\" required=\"required\"><option value=\"0\" >0<\/option><option value=\"1\" >1<\/option><option value=\"2\" >2<\/option><option value=\"3\" >3<\/option><option value=\"4\" >4<\/option><option value=\"5\" >5<\/option><option value=\"6\" >6<\/option><option value=\"7\" >7<\/option><option value=\"8\" >8<\/option><option value=\"9\" >9<\/option><option value=\"10\" >10<\/option><option value=\"11\" >11<\/option><option value=\"12\" >12<\/option><option value=\"13\" >13<\/option><option value=\"14\" >14<\/option><option value=\"15\" >15<\/option><option value=\"16\" >16<\/option><option value=\"17\" >17<\/option><option value=\"18\" >18<\/option><option value=\"19\" >19<\/option><option value=\"20\" >20<\/option><option value=\"Fler \u00e4n 20\" >Fler \u00e4n 20<\/option><\/select><\/div><div id=\"wpforms-2077-field_7-container\" class=\"wpforms-field wpforms-field-select wpforms-field-select-style-classic\" data-field-id=\"7\"><label class=\"wpforms-field-label\" for=\"wpforms-2077-field_7\">Antal barn (3-6 \u00e5r) <span class=\"wpforms-required-label\">*<\/span><\/label><select id=\"wpforms-2077-field_7\" class=\"wpforms-field-large wpforms-field-required\" name=\"wpforms[fields][7]\" required=\"required\"><option value=\"0\" >0<\/option><option value=\"1\" >1<\/option><option value=\"2\" >2<\/option><option value=\"3\" >3<\/option><option value=\"4\" >4<\/option><option value=\"5\" >5<\/option><option value=\"6\" >6<\/option><option value=\"7\" >7<\/option><option value=\"8\" >8<\/option><option value=\"9\" >9<\/option><option value=\"10\" >10<\/option><option value=\"11\" >11<\/option><option value=\"12\" >12<\/option><option value=\"13\" >13<\/option><option value=\"14\" >14<\/option><option value=\"15\" >15<\/option><option value=\"16\" >16<\/option><option value=\"17\" >17<\/option><option value=\"18\" >18<\/option><option value=\"19\" >19<\/option><option value=\"20\" >20<\/option><option value=\"Fler \u00e4n 20\" >Fler \u00e4n 20<\/option><\/select><\/div><div id=\"wpforms-2077-field_8-container\" class=\"wpforms-field wpforms-field-select wpforms-field-select-style-classic\" data-field-id=\"8\"><label class=\"wpforms-field-label\" for=\"wpforms-2077-field_8\">Antal barn (0-2 \u00e5r) <span class=\"wpforms-required-label\">*<\/span><\/label><select id=\"wpforms-2077-field_8\" class=\"wpforms-field-large wpforms-field-required\" name=\"wpforms[fields][8]\" required=\"required\"><option value=\"0\" >0<\/option><option value=\"1\" >1<\/option><option value=\"2\" >2<\/option><option value=\"3\" >3<\/option><option value=\"4\" >4<\/option><option value=\"5\" >5<\/option><option value=\"6\" >6<\/option><option value=\"7\" >7<\/option><option value=\"8\" >8<\/option><option value=\"9\" >9<\/option><option value=\"10\" >10<\/option><option value=\"11\" >11<\/option><option value=\"12\" >12<\/option><option value=\"13\" >13<\/option><option value=\"14\" >14<\/option><option value=\"15\" >15<\/option><option value=\"16\" >16<\/option><option value=\"17\" >17<\/option><option value=\"18\" >18<\/option><option value=\"19\" >19<\/option><option value=\"20\" >20<\/option><option value=\"Fler \u00e4n 20\" >Fler \u00e4n 20<\/option><\/select><\/div><div id=\"wpforms-2077-field_10-container\" class=\"wpforms-field wpforms-field-select wpforms-field-select-style-classic\" data-field-id=\"10\"><label class=\"wpforms-field-label\" for=\"wpforms-2077-field_10\">\u00d6nskat datum <span class=\"wpforms-required-label\">*<\/span><\/label><select id=\"wpforms-2077-field_10\" class=\"wpforms-field-large wpforms-field-required\" name=\"wpforms[fields][10]\" required=\"required\"><option value=\"\" class=\"placeholder\" disabled  selected='selected'>V\u00e4lj datum<\/option><option value=\"l\u00f6rdag 29 november 2025\" >l\u00f6rdag 29 november 2025<\/option><option value=\"l\u00f6rdag 6 december 2025\" >l\u00f6rdag 6 december 2025<\/option><option value=\"fredag 12 december 2025\" >fredag 12 december 2025<\/option><option value=\"l\u00f6rdag 13 december 2025\" >l\u00f6rdag 13 december 2025<\/option><option value=\"s\u00f6ndag 14 december 2025\" >s\u00f6ndag 14 december 2025<\/option><option value=\"fredag 19 december 2025\" >fredag 19 december 2025<\/option><option value=\"l\u00f6rdag 20 december 2025\" >l\u00f6rdag 20 december 2025<\/option><option value=\"Vet ej\" >Vet ej<\/option><\/select><div class=\"wpforms-field-description\">V\u00e4lj datum f\u00f6r ditt julbord<\/div><\/div><div id=\"wpforms-2077-field_11-container\" class=\"wpforms-field wpforms-field-textarea\" data-field-id=\"11\"><label class=\"wpforms-field-label\" for=\"wpforms-2077-field_11\">Eventuella \u00f6nskem\u00e5l<\/label><textarea id=\"wpforms-2077-field_11\" class=\"wpforms-field-large\" name=\"wpforms[fields][11]\" ><\/textarea><\/div><\/div><div class=\"wpforms-submit-container\" ><input type=\"hidden\" name=\"wpforms[id]\" value=\"2077\"><input type=\"hidden\" name=\"wpforms[author]\" value=\"1\"><button type=\"submit\" name=\"wpforms[submit]\" class=\"wpforms-submit \" id=\"wpforms-submit-2077\" value=\"wpforms-submit\" aria-live=\"assertive\" data-alt-text=\"Skickar...\" data-submit-text=\"Skicka bokning\">Skicka bokning<\/button><\/div><\/form><\/div>  <!-- .wpforms-container -->[\/vc_column][\/vc_row][vc_row el_class=&#8220;carlsten-signatur-wrap&#8220;][vc_column width=&#8220;1\/6&#8243;][vc_single_image image=&#8220;3480&#8243; style=&#8220;vc_box_circle&#8220; el_class=&#8220;carlsten-signatur-image&#8220;][\/vc_column][vc_column width=&#8220;5\/6&#8243;][vc_column_text el_class=&#8220;carlsten-signatur-text&#8220;]Willkommen auf der Festung Carlsten[\/vc_column_text][vc_column_text el_class=&#8220;carlsten-signatur-signatur&#8220;]Thomas &amp; Nina Berndtsson mit Mitarbeitern[\/vc_column_text][vc_column_text el_class=&#8220;carlsten-signatur-kontakt&#8220;]<i class=\"fa fa-envelope\"><\/i> thomas@carlstenrestaurang.se <i class=\"fa fa-phone\"><\/i> 0709-10 56 01 \/\/ <i class=\"fa fa-envelope\"><\/i> <a href=\"mailto:nina@carlstenrestaurang.se\"> nina@carlstenrestaurang.se.se<\/a> <i class=\"fa fa-phone\"><\/i>0739-99 65 49[\/vc_column_text][\/vc_column][\/vc_row]<\/p>\n<\/div>","protected":false},"excerpt":{"rendered":"<p>[vc_row full_width=&#8220;stretch_row&#8220; parallax=&#8220;content-moving&#8220; parallax_image=&#8220;703&#8243; css=&#8220;.vc_custom_1655107236734{background-color: #f4f6f6 !important;}&#8220;][vc_column width=&#8220;1\/6&#8243;][\/vc_column][vc_column width=&#8220;2\/3&#8243;][vc_single_image image=&#8220;3356&#8243; img_size=&#8220;full&#8220; style=&#8220;vc_box_shadow_border&#8220; css=&#8220;.vc_custom_1484593237485{border: 8px solid #ffffff !important;}&#8220;][\/vc_column][vc_column width=&#8220;1\/6&#8243;][\/vc_column][\/vc_row][vc_row full_width=&#8220;stretch_row&#8220; el_class=&#8220;ho-infobox-wrapper&#8220;][vc_column][vc_message icon_fontawesome=&#8220;fa fa-solid fa-snowflake&#8220; css_animation=&#8220;fadeIn&#8220; css=&#8220;&#8220; el_class=&#8220;ho-infobox&#8220;]Wir danken allen G\u00e4sten, die mit uns Marstrands gr\u00f6\u00dftes Weihnachtsbuffet besucht haben. F\u00fcr diejenigen, die es verpasst haben, wird es 2026 eine weitere Gelegenheit geben, wahrscheinlich mit dem gleichen Arrangement &hellip; <a href=\"https:\/\/carlsten.se\/de\/weihnachtstisch-in-der-festung-carlsten-2025\/\" title=\"Weihnachtstisch auf der Festung Carlsten\" class=\"read-more\">Read More<\/a><\/p>\n","protected":false},"author":1,"featured_media":3424,"parent":0,"menu_order":0,"comment_status":"closed","ping_status":"closed","template":"","meta":{"footnotes":""},"class_list":["post-3890","page","type-page","status-publish","has-post-thumbnail","hentry"],"_links":{"self":[{"href":"https:\/\/carlsten.se\/de\/wp-json\/wp\/v2\/pages\/3890","targetHints":{"allow":["GET"]}}],"collection":[{"href":"https:\/\/carlsten.se\/de\/wp-json\/wp\/v2\/pages"}],"about":[{"href":"https:\/\/carlsten.se\/de\/wp-json\/wp\/v2\/types\/page"}],"author":[{"embeddable":true,"href":"https:\/\/carlsten.se\/de\/wp-json\/wp\/v2\/users\/1"}],"replies":[{"embeddable":true,"href":"https:\/\/carlsten.se\/de\/wp-json\/wp\/v2\/comments?post=3890"}],"version-history":[{"count":45,"href":"https:\/\/carlsten.se\/de\/wp-json\/wp\/v2\/pages\/3890\/revisions"}],"predecessor-version":[{"id":4753,"href":"https:\/\/carlsten.se\/de\/wp-json\/wp\/v2\/pages\/3890\/revisions\/4753"}],"wp:featuredmedia":[{"embeddable":true,"href":"https:\/\/carlsten.se\/de\/wp-json\/wp\/v2\/media\/3424"}],"wp:attachment":[{"href":"https:\/\/carlsten.se\/de\/wp-json\/wp\/v2\/media?parent=3890"}],"curies":[{"name":"wp","href":"https:\/\/api.w.org\/{rel}","templated":true}]}}