{"id":3896,"date":"2017-01-16T21:07:32","date_gmt":"2017-01-16T20:07:32","guid":{"rendered":"https:\/\/carlsten.se\/marstrand-gefangener-nr-90-kleist\/"},"modified":"2026-02-05T15:29:26","modified_gmt":"2026-02-05T14:29:26","slug":"marstrand-gefangener-nr-90-kleist","status":"publish","type":"page","link":"https:\/\/carlsten.se\/de\/marstrand-gefangener-nr-90-kleist\/","title":{"rendered":"Marstrand-Gefangener Nr. 90 Kleist"},"content":{"rendered":"<div class=\"wpb-content-wrapper\"><p>[vc_row full_width=&#8220;stretch_row&#8220; parallax=&#8220;content-moving&#8220; parallax_image=&#8220;434&#8243;][vc_column width=&#8220;1\/6&#8243;][\/vc_column][vc_column width=&#8220;2\/3&#8243; css=&#8220;.vc_custom_1484644296223{margin-bottom: 25px !important;}&#8220;][vc_single_image image=&#8220;3610&#8243; img_size=&#8220;full&#8220;][\/vc_column][vc_column width=&#8220;1\/6&#8243;][\/vc_column][\/vc_row][vc_row gap=&#8220;25&#8243;][vc_column width=&#8220;2\/3&#8243;][vc_column_text css=&#8220;&#8220;]<\/p>\n<h1 style=\"text-align: center;\">Keine 90 Kleist im Sommer 2026.<\/h1>\n<h3 style=\"text-align: center;\">Kartenfreigabe am 27. Februar<\/h3>\n<p><strong>\u00dcber No 90 Kleist<\/strong><br \/>\nDie Auff\u00fchrung basiert auf der CD \u201eMarstrandsf\u00e5nge No 90 Kleist\u201c und handelt von den Gefangenen und Soldaten auf der Festung von Carlsten auf Marstrand im 17. bis 19. Jahrhundert. Die Verurteilung zur Arbeit auf Marstrand war die h\u00e4rteste Strafe, die in Schweden verh\u00e4ngt wurde &#8211; wer als Gefangener zur Arbeit verurteilt wurde, kam wahrscheinlich nicht mit dem Leben davon. Die pers\u00f6nlichen Schicksale der Gefangenen werden in Musik und Theater dargestellt, ebenso wie die Schlacht von Carlsten, als die D\u00e4nen 1719 zu Besuch kamen.  <\/p>\n<p>W\u00e4hrend der Auff\u00fchrung lernen Sie Figuren wie Kommandant Danchwardt, den marsianischen Gefangenen Nr. 90 Kleist, den Henker Beckius, die einzige weibliche Gefangene Metta Fock und den halb verwirrten D\u00e4nen\/Norweger Tordenskiold kennen. Die Auff\u00fchrung in drei Akten wird mit einem leichten Sommermen\u00fc serviert. <\/p>\n<p><strong>Weitere Informationen finden Sie auf <a href=\"https:\/\/stefanandersson.nu\" target=\"_blank\" rel=\"noopener noreferrer\">Stefans Website<\/a><\/strong>[\/vc_column_text]\n\t\t\t<!-- START Marstrandsf\u00e5nge REVOLUTION SLIDER 6.7.35 --><p class=\"rs-p-wp-fix\"><\/p>\n\t\t\t<rs-module-wrap id=\"rev_slider_3_1_wrapper\" data-source=\"gallery\" style=\"visibility:hidden;background:transparent;padding:0;margin:0px auto;margin-top:0;margin-bottom:0;\">\n\t\t\t\t<rs-module id=\"rev_slider_3_1\" class=\" rs-ov-hidden\" style=\"\" data-version=\"6.7.35\">\n\t\t\t\t\t<rs-slides style=\"overflow: hidden; position: absolute;\">\n\t\t\t\t\t\t<rs-slide style=\"position: absolute;\" data-key=\"rs-10\" data-title=\"Slide\" data-thumb=\"\/\/carlsten.se\/wp-content\/uploads\/2017\/01\/MG_4560-fotograf-Marcel-Pabst-100x50.jpg\" data-anim=\"adpr:false;\">\n\t\t\t\t\t\t\t<img decoding=\"async\" src=\"\/\/carlsten.se\/wp-content\/plugins\/revslider\/sr6\/assets\/assets\/dummy.png\" alt=\"\" title=\"Marstrand-Gefangener Nr. 90 Kleist\" class=\"rev-slidebg tp-rs-img rs-lazyload\" data-lazyload=\"\/\/carlsten.se\/wp-content\/uploads\/2017\/01\/MG_4560-fotograf-Marcel-Pabst.jpg\" data-no-retina>\n<!---->\t\t\t\t\t<\/rs-slide>\n\t\t\t\t\t\t<rs-slide style=\"position: absolute;\" data-key=\"rs-11\" data-title=\"Slide\" data-thumb=\"\/\/carlsten.se\/wp-content\/uploads\/2017\/01\/MG_4742-fotograf-Marcel-Pabst-100x50.jpg\" data-anim=\"adpr:false;\">\n\t\t\t\t\t\t\t<img decoding=\"async\" src=\"\/\/carlsten.se\/wp-content\/plugins\/revslider\/sr6\/assets\/assets\/dummy.png\" alt=\"\" title=\"Marstrand-Gefangener Nr. 90 Kleist\" class=\"rev-slidebg tp-rs-img rs-lazyload\" data-lazyload=\"\/\/carlsten.se\/wp-content\/uploads\/2017\/01\/MG_4742-fotograf-Marcel-Pabst.jpg\" data-no-retina>\n<!---->\t\t\t\t\t<\/rs-slide>\n\t\t\t\t\t\t<rs-slide style=\"position: absolute;\" data-key=\"rs-13\" data-title=\"Slide\" data-thumb=\"\/\/carlsten.se\/wp-content\/uploads\/2017\/01\/MG_5358-fotograf-Marcel-Pabst-100x50.jpg\" data-anim=\"adpr:false;\">\n\t\t\t\t\t\t\t<img decoding=\"async\" src=\"\/\/carlsten.se\/wp-content\/plugins\/revslider\/sr6\/assets\/assets\/dummy.png\" alt=\"\" title=\"Marstrand-Gefangener Nr. 90 Kleist\" class=\"rev-slidebg tp-rs-img rs-lazyload\" data-lazyload=\"\/\/carlsten.se\/wp-content\/uploads\/2017\/01\/MG_5358-fotograf-Marcel-Pabst.jpg\" data-no-retina>\n<!---->\t\t\t\t\t<\/rs-slide>\n\t\t\t\t\t\t<rs-slide style=\"position: absolute;\" data-key=\"rs-8\" data-title=\"Slide\" data-thumb=\"\/\/carlsten.se\/wp-content\/uploads\/2017\/01\/atn1024_MG_5179-fotograf-Marcel-Pabst-100x50.jpg\" data-anim=\"adpr:false;\">\n\t\t\t\t\t\t\t<img decoding=\"async\" src=\"\/\/carlsten.se\/wp-content\/plugins\/revslider\/sr6\/assets\/assets\/dummy.png\" alt=\"\" title=\"Marstrand-Gefangener Nr. 90 Kleist\" class=\"rev-slidebg tp-rs-img rs-lazyload\" data-lazyload=\"\/\/carlsten.se\/wp-content\/uploads\/2017\/01\/atn1024_MG_5179-fotograf-Marcel-Pabst.jpg\" data-no-retina>\n<!---->\t\t\t\t\t<\/rs-slide>\n\t\t\t\t\t<\/rs-slides>\n\t\t\t\t\t<rs-static-layers class=\"rs-stl-visible\"><!--\n\n\t\t\t\t\t\t\t--><rs-layer\n\t\t\t\t\t\t\t\tid=\"slider-3-slide-1-layer-1\" \n\t\t\t\t\t\t\t\tclass=\"rs-layer-static\"\n\t\t\t\t\t\t\t\tdata-type=\"text\"\n\t\t\t\t\t\t\t\tdata-color=\"rgba(255,255,255,1)\"\n\t\t\t\t\t\t\t\tdata-rsp_ch=\"on\"\n\t\t\t\t\t\t\t\tdata-xy=\"x:r;xo:10px;y:b;yo:10px;\"\n\t\t\t\t\t\t\t\tdata-text=\"s:14;l:16;\"\n\t\t\t\t\t\t\t\tdata-onslides=\"s:1;\"\n\t\t\t\t\t\t\t\tdata-frame_0=\"tp:600;\"\n\t\t\t\t\t\t\t\tdata-frame_1=\"tp:600;e:power2.inOut;st:500;\"\n\t\t\t\t\t\t\t\tdata-frame_999=\"o:0;tp:600;e:nothing;st:w;\"\n\t\t\t\t\t\t\t\tstyle=\"z-index:5;background-color:rgba(10,10,10,0.50);font-family:'';\"\n\t\t\t\t\t\t\t>Foto: Marcel Pabst \n\t\t\t\t\t\t\t<\/rs-layer><!--\n\t\t\t\t\t--><\/rs-static-layers>\n\t\t\t\t<\/rs-module>\n\t\t\t\t<script>\n\t\t\t\t\tsetREVStartSize({c: 'rev_slider_3_1',rl:[1240,1024,768,480],el:[],gw:[800,1024,778,480],gh:[350,450,400,350],type:'standard',justify:'',layout:'fullwidth',mh:\"0\"});if (window.RS_MODULES!==undefined && window.RS_MODULES.modules!==undefined && window.RS_MODULES.modules[\"revslider31\"]!==undefined) {window.RS_MODULES.modules[\"revslider31\"].once = false;window.revapi3 = undefined;if (window.RS_MODULES.checkMinimal!==undefined) window.RS_MODULES.checkMinimal()}\n\t\t\t\t<\/script>\n\t\t\t<\/rs-module-wrap>\n\t\t\t<!-- END REVOLUTION SLIDER -->\n[vc_column_text css=&#8220;.vc_custom_1583509940270{padding-top: 30px !important;}&#8220;]<strong>Lage<\/strong><br \/>\nDie Festung Carlsten wurde 1658 von Karl X. erbaut, um die schwedische Flotte in dem st\u00e4ndig eisfreien Hafen zu verteidigen. Nun, es war nicht Karl X., der den schweren Stein trug, sondern die Gefangenen, die dann in den dicken Mauern eingesperrt wurden. Marstrand selbst wurde im 13. Jahrhundert von K\u00f6nig Hakon IV. gegr\u00fcndet und war im Laufe der Geschichte ein milit\u00e4risch strategischer Ort. Auch f\u00fcr den Handel und die Fischerei war es von gro\u00dfer Bedeutung &#8211; nicht zuletzt w\u00e4hrend der Heringszeiten. Erw\u00e4hnenswert ist auch, dass Marstrand ein \u201eFreihafen\u201c war, in dem u.a. Religionsfreiheit herrschte und in dem paradoxerweise auch Kriminelle Zuflucht finden konnten. Die Festung Carlsten diente ab 1854 nicht mehr als Gef\u00e4ngnis, hatte aber noch einige Jahre lang eine gewisse milit\u00e4rische Bedeutung.     <\/p>\n<p><a href=\"http:\/\/www.stefanandersson.nu\/\" target=\"_blank\" rel=\"noopener noreferrer\">Link zur Website von Stefan Andersson<\/a><\/p>\n<p>&nbsp;<\/p>\n<p>[\/vc_column_text][vc_column_text css=&#8220;.vc_custom_1736314838726{padding-top: 45px !important;padding-right: 25px !important;padding-bottom: 25px !important;padding-left: 25px !important;background-color: #f2f6f6 !important;}&#8220;]<\/p>\n<h4 style=\"text-align: center;\">Abendmen\u00fc:<\/h4>\n<p style=\"text-align: center;\">Alkoholfreies Begr\u00fc\u00dfungsgetr\u00e4nk im King&#8217;s Gate.<\/p>\n<p style=\"text-align: center;\"><strong>Hauptgericht:<\/strong><\/p>\n<p style=\"text-align: center;\">Mit Chili mariniertes H\u00e4hnchen, serviert mit gebackenen neuen Kartoffeln.<\/p>\n<p style=\"text-align: center;\">Serviert mit Tzatziki und Tomaten- und Zwiebelsalat<\/p>\n<p style=\"text-align: center;\">Butter und Brot.<\/p>\n<p style=\"text-align: center;\"><strong>Nachspeise:<\/strong><\/p>\n<p style=\"text-align: center;\">Sommerlicher Erdbeerkuchen im Glas.<br \/>\nKaffee.<\/p>\n<p>[\/vc_column_text][\/vc_column][vc_column width=&#8220;1\/3&#8243; css=&#8220;.vc_custom_1583278183099{background-color: #f2f6f6 !important;}&#8220;][vc_wp_text el_class=&#8220;carlsten-btn-wrap&#8220;]<\/p>\n<h4 style=\"text-align: center;\"><strong>Aktuelle Termine:<\/strong><\/h4>\n<p style=\"text-align: center;\">Fr. 3. Juli<br \/>\nSa. 4. Juli<br \/>\nFr. 10. Juli<br \/>\nSa. 11. Juli<br \/>\nFr. 17. Juli<br \/>\nSa. 18. Juli<br \/>\nFr. 24. Juli<br \/>\nSa. 25. Juli<br \/>\nFr. 31. Juli<br \/>\nSa. 1. August<br \/>\nFr. 7. August<br \/>\nSa. 8. August<\/p>\n<p>[\/vc_wp_text][vc_wp_text el_class=&#8220;carlsten-btn-wrap &#8222;]<a class=\"carlsten-btn carlsten-btn-1 carlsten-btn-1e\" href=\"https:\/\/www.ticketmaster.se\/event\/1802454669\" target=\"_blank\" rel=\"noopener noreferrer\">Kaufen Sie ein Ticket<\/a>[\/vc_wp_text][\/vc_column][vc_column][\/vc_column][\/vc_row][vc_row el_class=&#8220;carlsten-signatur-wrap&#8220;][vc_column width=&#8220;1\/6&#8243;][vc_single_image image=&#8220;3480&#8243; style=&#8220;vc_box_circle&#8220; el_class=&#8220;carlsten-signatur-image&#8220;][\/vc_column][vc_column width=&#8220;5\/6&#8243;][vc_column_text el_class=&#8220;carlsten-signatur-text&#8220;]Willkommen auf der Festung Carlsten[\/vc_column_text][vc_column_text el_class=&#8220;carlsten-signatur-signatur&#8220;]Thomas &amp; Nina Berndtsson mit Mitarbeitern[\/vc_column_text][vc_column_text el_class=&#8220;carlsten-signatur-kontakt&#8220;]<i class=\"fa fa-envelope\"><\/i> thomas@1860.se <i class=\"fa fa-phone\"><\/i> 0709-10 56 01<\/p>\n<p><a href=\"nina@carlstenrestaurang.se\">nina@1860.se<\/a> 0739-99 65 49[\/vc_column_text][\/vc_column][\/vc_row]<\/p>\n<\/div>","protected":false},"excerpt":{"rendered":"<p>[vc_row full_width=&#8220;stretch_row&#8220; parallax=&#8220;content-moving&#8220; parallax_image=&#8220;434&#8243;][vc_column width=&#8220;1\/6&#8243;][\/vc_column][vc_column width=&#8220;2\/3&#8243; css=&#8220;.vc_custom_1484644296223{margin-bottom: 25px !important;}&#8220;][vc_single_image image=&#8220;3610&#8243; img_size=&#8220;full&#8220;][\/vc_column][vc_column width=&#8220;1\/6&#8243;][\/vc_column][\/vc_row][vc_row gap=&#8220;25&#8243;][vc_column width=&#8220;2\/3&#8243;][vc_column_text css=&#8220;&#8220;] Keine 90 Kleist im Sommer 2026. Kartenfreigabe am 27. Februar \u00dcber No 90 Kleist Die Auff\u00fchrung basiert auf der CD \u201eMarstrandsf\u00e5nge No 90 Kleist\u201c und handelt von den Gefangenen und Soldaten auf der Festung von Carlsten auf Marstrand im 17. &hellip; <a href=\"https:\/\/carlsten.se\/de\/marstrand-gefangener-nr-90-kleist\/\" title=\"Marstrand-Gefangener Nr. 90 Kleist\" class=\"read-more\">Read More<\/a><\/p>\n","protected":false},"author":1,"featured_media":0,"parent":0,"menu_order":0,"comment_status":"closed","ping_status":"closed","template":"","meta":{"footnotes":""},"class_list":["post-3896","page","type-page","status-publish","hentry"],"_links":{"self":[{"href":"https:\/\/carlsten.se\/de\/wp-json\/wp\/v2\/pages\/3896","targetHints":{"allow":["GET"]}}],"collection":[{"href":"https:\/\/carlsten.se\/de\/wp-json\/wp\/v2\/pages"}],"about":[{"href":"https:\/\/carlsten.se\/de\/wp-json\/wp\/v2\/types\/page"}],"author":[{"embeddable":true,"href":"https:\/\/carlsten.se\/de\/wp-json\/wp\/v2\/users\/1"}],"replies":[{"embeddable":true,"href":"https:\/\/carlsten.se\/de\/wp-json\/wp\/v2\/comments?post=3896"}],"version-history":[{"count":13,"href":"https:\/\/carlsten.se\/de\/wp-json\/wp\/v2\/pages\/3896\/revisions"}],"predecessor-version":[{"id":4813,"href":"https:\/\/carlsten.se\/de\/wp-json\/wp\/v2\/pages\/3896\/revisions\/4813"}],"wp:attachment":[{"href":"https:\/\/carlsten.se\/de\/wp-json\/wp\/v2\/media?parent=3896"}],"curies":[{"name":"wp","href":"https:\/\/api.w.org\/{rel}","templated":true}]}}