{"id":4343,"date":"2025-09-25T15:24:12","date_gmt":"2025-09-25T13:24:12","guid":{"rendered":"https:\/\/carlsten.se\/weihnachtsessen-auf-der-festung-carlsten\/"},"modified":"2025-09-26T12:46:13","modified_gmt":"2025-09-26T10:46:13","slug":"weihnachtsessen-auf-der-festung-carlsten","status":"publish","type":"page","link":"https:\/\/carlsten.se\/de\/weihnachtsessen-auf-der-festung-carlsten\/","title":{"rendered":"Weihnachtsessen"},"content":{"rendered":"<div class=\"wpb-content-wrapper\"><p>[vc_row][vc_column width=&#8220;1\/6&#8243;][\/vc_column][vc_column width=&#8220;2\/3&#8243;][vc_column_text css=&#8220;&#8220;]NEUIGKEITEN AUF CARLSTENS FESTUNG | MARSTRAND<\/p>\n<h1>Weihnachtsessen auf der Festung Carlsten<\/h1>\n<p>In diesem Jahr laden wir Sie zu einem wunderbaren Weihnachtsessen in den Rittersaal der Festung Carlsten ein. Eine stimmungsvolle Weihnachtstafel in historischem Ambiente &#8211; ideal f\u00fcr Firmen, Vereine oder gr\u00f6\u00dfere Gruppen, die etwas Au\u00dfergew\u00f6hnliches erleben m\u00f6chten. Unser neues Weihnachtsessen richtet sich an Gruppen von mindestens 45 Personen. <\/p>\n<p><strong><em>Termine f\u00fcr das Carlsten Weihnachtsessen<\/em><\/strong><\/p>\n<ul>\n<li>Mittwoch, 3. Dezember<\/li>\n<li>Donnerstag, 4. Dezember<\/li>\n<li>Mittwoch, 10. Dezember<\/li>\n<li>Donnerstag, 11. Dezember<\/li>\n<li>Mittwoch, 17. Dezember<\/li>\n<li>Donnerstag, 18. Dezember<\/li>\n<\/ul>\n<p><em><strong>Programm<\/strong><\/em><\/p>\n<ul>\n<li>Wir treffen uns um 12.00 Uhr am King&#8217;s Gate, wo wir alle G\u00e4ste begr\u00fc\u00dfen. <\/li>\n<li>Anschlie\u00dfend werden Sie in den Rittersaal eingeladen, wo ein Weihnachtsessen serviert wird.<\/li>\n<\/ul>\n<p><em><strong>Preis pro Person<\/strong><\/em><br \/>\n645 kr\/Person<\/p>\n<h4>Senden Sie Ihre Anfrage an:<\/h4>\n<p><a href=\"mailto:thomas@1860.se\">thomas@1860.se<\/a>[\/vc_column_text][\/vc_column][vc_column width=&#8220;1\/6&#8243;][\/vc_column][\/vc_row][vc_row el_class=&#8220;carlsten-signatur-wrap&#8220;][vc_column width=&#8220;1\/6&#8243;][vc_single_image image=&#8220;841&#8243; style=&#8220;vc_box_circle&#8220; el_class=&#8220;carlsten-signatur-image&#8220;][\/vc_column][vc_column width=&#8220;5\/6&#8243;][vc_column_text el_class=&#8220;carlsten-signatur-text&#8220;]Willkommen auf der Festung Carlsten[\/vc_column_text][vc_column_text el_class=&#8220;carlsten-signatur-signatur&#8220;]Thomas Berndtsson mit Mitarbeitern[\/vc_column_text][vc_column_text el_class=&#8220;carlsten-signatur-kontakt&#8220;]<i class=\"fa fa-envelope\"><\/i> thomas@1860.se <i class=\"fa fa-phone\"><\/i> 0709-10 56 01[\/vc_column_text][\/vc_column][\/vc_row]<\/p>\n<\/div>","protected":false},"excerpt":{"rendered":"<p>[vc_row][vc_column width=&#8220;1\/6&#8243;][\/vc_column][vc_column width=&#8220;2\/3&#8243;][vc_column_text css=&#8220;&#8220;]NEUIGKEITEN AUF CARLSTENS FESTUNG | MARSTRAND Weihnachtsessen auf der Festung Carlsten In diesem Jahr laden wir Sie zu einem wunderbaren Weihnachtsessen in den Rittersaal der Festung Carlsten ein. Eine stimmungsvolle Weihnachtstafel in historischem Ambiente &#8211; ideal f\u00fcr Firmen, Vereine oder gr\u00f6\u00dfere Gruppen, die etwas Au\u00dfergew\u00f6hnliches erleben m\u00f6chten. Unser neues Weihnachtsessen richtet sich &hellip; <a href=\"https:\/\/carlsten.se\/de\/weihnachtsessen-auf-der-festung-carlsten\/\" title=\"Weihnachtsessen\" class=\"read-more\">Read More<\/a><\/p>\n","protected":false},"author":1,"featured_media":0,"parent":0,"menu_order":0,"comment_status":"closed","ping_status":"closed","template":"","meta":{"footnotes":""},"class_list":["post-4343","page","type-page","status-publish","hentry"],"_links":{"self":[{"href":"https:\/\/carlsten.se\/de\/wp-json\/wp\/v2\/pages\/4343","targetHints":{"allow":["GET"]}}],"collection":[{"href":"https:\/\/carlsten.se\/de\/wp-json\/wp\/v2\/pages"}],"about":[{"href":"https:\/\/carlsten.se\/de\/wp-json\/wp\/v2\/types\/page"}],"author":[{"embeddable":true,"href":"https:\/\/carlsten.se\/de\/wp-json\/wp\/v2\/users\/1"}],"replies":[{"embeddable":true,"href":"https:\/\/carlsten.se\/de\/wp-json\/wp\/v2\/comments?post=4343"}],"version-history":[{"count":30,"href":"https:\/\/carlsten.se\/de\/wp-json\/wp\/v2\/pages\/4343\/revisions"}],"predecessor-version":[{"id":4403,"href":"https:\/\/carlsten.se\/de\/wp-json\/wp\/v2\/pages\/4343\/revisions\/4403"}],"wp:attachment":[{"href":"https:\/\/carlsten.se\/de\/wp-json\/wp\/v2\/media?parent=4343"}],"curies":[{"name":"wp","href":"https:\/\/api.w.org\/{rel}","templated":true}]}}