{"id":3769,"date":"2017-01-18T11:57:34","date_gmt":"2017-01-18T10:57:34","guid":{"rendered":"https:\/\/carlsten.se\/carlstens-menus\/"},"modified":"2025-05-21T11:52:38","modified_gmt":"2025-05-21T09:52:38","slug":"carlstens-menus","status":"publish","type":"page","link":"https:\/\/carlsten.se\/en\/carlstens-menus\/","title":{"rendered":"Carlsten&#8217;s menus"},"content":{"rendered":"<div class=\"wpb-content-wrapper\"><p>[vc_row][vc_column width=&#8221;2\/3&#8243;][vc_column_text]Here you will find Carlsten&#8217;s menus, choose the one that suits you.[\/vc_column_text][\/vc_column][vc_column width=&#8221;1\/3&#8243;][\/vc_column][\/vc_row][vc_row gap=&#8221;25&#8243; equal_height=&#8221;yes&#8221;][vc_column width=&#8221;1\/3&#8243; css=&#8221;.vc_custom_1558431411894{padding-top: 25px !important;padding-right: 25px !important;padding-bottom: 25px !important;padding-left: 25px !important;background-color: #f4f6f6 !important;}&#8221;][vc_single_image image=&#8221;1790&#8243; alignment=&#8221;center&#8221; style=&#8221;vc_box_circle&#8221;][vc_column_text]<\/p>\n<h3 style=\"text-align: center;\">Bohusl\u00e4n Evening<\/h3>\n<p style=\"text-align: center;\">Carlstens F\u00e4stning&#8217;s menu Bohusl\u00e4nsk afton has a scent of the western sea and taste of Bohusl\u00e4n with all the delights of the sea<\/p>\n<p>[\/vc_column_text][vc_wp_text el_class=&#8221;carlsten-btn-wrap&#8221;]<a class=\"carlsten-btn carlsten-btn-1 carlsten-btn-1e\" href=\"https:\/\/carlsten.se\/en\/bohuslan-evening\/\">Read more<\/a>[\/vc_wp_text][\/vc_column][vc_column width=&#8221;1\/3&#8243; css=&#8221;.vc_custom_1558431417251{padding-top: 25px !important;padding-right: 25px !important;padding-bottom: 25px !important;padding-left: 25px !important;background-color: #f4f6f6 !important;}&#8221;][vc_single_image image=&#8221;1791&#8243; alignment=&#8221;center&#8221; style=&#8221;vc_box_circle&#8221;][vc_column_text]<\/p>\n<h3 style=\"text-align: center;\">Marstrand Guild<\/h3>\n<p style=\"text-align: center;\">Our Marstrand Guild is a real Carlsten favorite. A delicious and generous buffet with a taste of Marstrand.<\/p>\n<p>[\/vc_column_text][vc_wp_text el_class=&#8221;carlsten-btn-wrap&#8221;]<a class=\"carlsten-btn carlsten-btn-1 carlsten-btn-1e\" href=\"https:\/\/carlsten.se\/en\/marstrand-guild\/\">Read more<\/a>[\/vc_wp_text][\/vc_column][vc_column width=&#8221;1\/3&#8243; css=&#8221;.vc_custom_1558431422132{padding-top: 25px !important;padding-right: 25px !important;padding-bottom: 25px !important;padding-left: 25px !important;background-color: #f4f6f6 !important;}&#8221;][vc_single_image image=&#8221;1071&#8243; alignment=&#8221;center&#8221; style=&#8221;vc_box_circle&#8221;][vc_column_text]<\/p>\n<h3 style=\"text-align: center;\">Viking festival<\/h3>\n<p style=\"text-align: center;\">Carlsten&#8217;s classic Viking dinner consists of four courses, you eat on planks and drink from real bull horns<\/p>\n<p>[\/vc_column_text][vc_wp_text el_class=&#8221;carlsten-btn-wrap&#8221;]<a class=\"carlsten-btn carlsten-btn-1 carlsten-btn-1e\" href=\"https:\/\/carlsten.se\/vikingafest\/\">Read more<\/a>[\/vc_wp_text][\/vc_column][\/vc_row][vc_row el_class=&#8221;carlsten-signatur-wrap&#8221; css=&#8221;.vc_custom_1484734600672{margin-top: 40px !important;}&#8221;][vc_column width=&#8221;1\/6&#8243;][vc_single_image image=&#8221;841&#8243; style=&#8221;vc_box_circle&#8221; el_class=&#8221;carlsten-signatur-image&#8221;][\/vc_column][vc_column width=&#8221;5\/6&#8243;][vc_column_text el_class=&#8221;carlsten-signatur-text&#8221;]Please contact me with any questions[\/vc_column_text][vc_column_text el_class=&#8221;carlsten-signatur-signatur&#8221;]Thomas Berndtsson[\/vc_column_text][vc_column_text el_class=&#8221;carlsten-signatur-kontakt&#8221;]<i class=\"fa fa-envelope\"><\/i> thomas@1860.se <i class=\"fa fa-phone\"><\/i> 0709-10 56 01[\/vc_column_text][\/vc_column][\/vc_row]<\/p>\n<\/div>","protected":false},"excerpt":{"rendered":"<p>[vc_row][vc_column width=&#8221;2\/3&#8243;][vc_column_text]Here you will find Carlsten&#8217;s menus, choose the one that suits you.[\/vc_column_text][\/vc_column][vc_column width=&#8221;1\/3&#8243;][\/vc_column][\/vc_row][vc_row gap=&#8221;25&#8243; equal_height=&#8221;yes&#8221;][vc_column width=&#8221;1\/3&#8243; css=&#8221;.vc_custom_1558431411894{padding-top: 25px !important;padding-right: 25px !important;padding-bottom: 25px !important;padding-left: 25px !important;background-color: #f4f6f6 !important;}&#8221;][vc_single_image image=&#8221;1790&#8243; alignment=&#8221;center&#8221; style=&#8221;vc_box_circle&#8221;][vc_column_text] Bohusl\u00e4n Evening Carlstens F\u00e4stning&#8217;s menu Bohusl\u00e4nsk afton has a scent of the western sea and taste of Bohusl\u00e4n with all the delights of the &hellip; <a href=\"https:\/\/carlsten.se\/en\/carlstens-menus\/\" title=\"Carlsten&#8217;s menus\" class=\"read-more\">Read More<\/a><\/p>\n","protected":false},"author":1,"featured_media":0,"parent":0,"menu_order":0,"comment_status":"closed","ping_status":"closed","template":"","meta":{"footnotes":""},"class_list":["post-3769","page","type-page","status-publish","hentry"],"_links":{"self":[{"href":"https:\/\/carlsten.se\/en\/wp-json\/wp\/v2\/pages\/3769","targetHints":{"allow":["GET"]}}],"collection":[{"href":"https:\/\/carlsten.se\/en\/wp-json\/wp\/v2\/pages"}],"about":[{"href":"https:\/\/carlsten.se\/en\/wp-json\/wp\/v2\/types\/page"}],"author":[{"embeddable":true,"href":"https:\/\/carlsten.se\/en\/wp-json\/wp\/v2\/users\/1"}],"replies":[{"embeddable":true,"href":"https:\/\/carlsten.se\/en\/wp-json\/wp\/v2\/comments?post=3769"}],"version-history":[{"count":1,"href":"https:\/\/carlsten.se\/en\/wp-json\/wp\/v2\/pages\/3769\/revisions"}],"predecessor-version":[{"id":3772,"href":"https:\/\/carlsten.se\/en\/wp-json\/wp\/v2\/pages\/3769\/revisions\/3772"}],"wp:attachment":[{"href":"https:\/\/carlsten.se\/en\/wp-json\/wp\/v2\/media?parent=3769"}],"curies":[{"name":"wp","href":"https:\/\/api.w.org\/{rel}","templated":true}]}}