{"id":3861,"date":"2017-01-16T18:30:08","date_gmt":"2017-01-16T17:30:08","guid":{"rendered":"https:\/\/carlsten.se\/christmas-table-at-carlsten-fortress-2025\/"},"modified":"2026-01-08T09:34:24","modified_gmt":"2026-01-08T08:34:24","slug":"christmas-table-at-carlsten-fortress-2025","status":"publish","type":"page","link":"https:\/\/carlsten.se\/en\/christmas-table-at-carlsten-fortress-2025\/","title":{"rendered":"Christmas table at Carlsten Fortress"},"content":{"rendered":"<div class=\"wpb-content-wrapper\"><p>[vc_row full_width=&#8221;stretch_row&#8221; parallax=&#8221;content-moving&#8221; parallax_image=&#8221;703&#8243; css=&#8221;.vc_custom_1655107236734{background-color: #f4f6f6 !important;}&#8221;][vc_column width=&#8221;1\/6&#8243;][\/vc_column][vc_column width=&#8221;2\/3&#8243;][vc_single_image image=&#8221;3355&#8243; img_size=&#8221;full&#8221; style=&#8221;vc_box_shadow_border&#8221; css=&#8221;.vc_custom_1484593237485{border: 8px solid #ffffff !important;}&#8221;][\/vc_column][vc_column width=&#8221;1\/6&#8243;][\/vc_column][\/vc_row][vc_row full_width=&#8221;stretch_row&#8221; el_class=&#8221;ho-infobox-wrapper&#8221;][vc_column][vc_message icon_fontawesome=&#8221;fa fa-solid fa-snowflake&#8221; css_animation=&#8221;fadeIn&#8221; css=&#8221;&#8221; el_class=&#8221;ho-infobox&#8221;]<span style=\"font-size: 18px;\">We thank all the guests who visited Marstrand&#8217;s largest Christmas buffet with us. For those of you who missed this, there will be another chance in 2026 with probably the same arrangement as below. <\/span><\/p>\n<p><em><strong>Many thanks to all staff &amp; guests who made this possible wishes Thomas &amp; Nina Berndtsson<\/strong><\/em>[\/vc_message][\/vc_column][\/vc_row][vc_row full_width=&#8221;stretch_row&#8221; parallax=&#8221;content-moving&#8221; css=&#8221;.vc_custom_1655107212245{margin-bottom: 50px !important;background-color: #f2f6f6 !important;}&#8221;][vc_column width=&#8221;1\/6&#8243;][\/vc_column][vc_column width=&#8221;2\/3&#8243;][vc_column_text css=&#8221;&#8221;]<\/p>\n<h2>Welcome to the Christmas table at Carlstens F\u00e4stning 2026<\/h2>\n<h6><em>We meet all guests at the ferry landing on Marstrands\u00f6n for a joint torchlight procession (weather permitting) up to Kungsporten where we are welcomed by the officer on duty in a Carolinian uniform. You get a little history about Carlsten&#8217;s fortress with a stop for mulled wine and gingerbread before you come up to the Knight&#8217;s Hall where Marstrand&#8217;s largest Christmas buffet is served. <\/em><\/h6>\n<ul>\n<li>\n<h6><em>After dinner on Fridays &amp; Saturdays we open the bar in the Battery level with music\/dance\/bar.<\/em><\/h6>\n<\/li>\n<li>\n<h6><em>Fridays &amp; Saturdays we meet at 18.10<\/em><\/h6>\n<\/li>\n<li>\n<h6><em>Sundays at 16.10<\/em><\/h6>\n<\/li>\n<li>\n<h6><em>The ferry from Ko\u00f6n leaves at 16.07 and 18.07 respectively<\/em><\/h6>\n<\/li>\n<\/ul>\n<h4><\/h4>\n<p>[\/vc_column_text][vc_column_text css=&#8221;&#8221;]<strong>Prices <\/strong><\/p>\n<p>Adults: 870 SEK\/person<br \/>\nChildren: 7 &#8211; 12 years: 445 SEK, 3 &#8211; 6 years 290 SEK[\/vc_column_text][\/vc_column][vc_column width=&#8221;1\/6&#8243;][\/vc_column][\/vc_row][vc_row gap=&#8221;25&#8243; css=&#8221;.vc_custom_1623732571379{margin-bottom: 50px !important;}&#8221;][vc_column width=&#8221;2\/3&#8243; el_class=&#8221;carlsten-julbord-wrap&#8221; css=&#8221;.vc_custom_1655107380462{background-color: #f2f6f6 !important;}&#8221;][vc_column_text css=&#8221;&#8221;]<\/p>\n<h3>Date 2026<\/h3>\n<p>[\/vc_column_text][vc_row_inner css=&#8221;.vc_custom_1623732617141{background-color: #f4f6f6 !important;}&#8221; el_class=&#8221;carlsten-table-inner-row&#8221;][vc_column_inner el_class=&#8221;carlsten-table-column&#8221; width=&#8221;1\/3&#8243;][vc_column_text css=&#8221;&#8221; el_class=&#8221;carlsten-date&#8221;]Friday 27 Nov[\/vc_column_text][\/vc_column_inner][vc_column_inner el_class=&#8221;carlsten-table-column&#8221; width=&#8221;1\/3&#8243;][vc_column_text css=&#8221;&#8221; el_class=&#8221;carlsten-date&#8221;]Saturday 28 Nov[\/vc_column_text][\/vc_column_inner][vc_column_inner el_class=&#8221;carlsten-table-column&#8221; width=&#8221;1\/3&#8243;][\/vc_column_inner][\/vc_row_inner][vc_row_inner css=&#8221;.vc_custom_1484568658606{background-color: #f4f6f6 !important;}&#8221; el_class=&#8221;carlsten-table-inner-row&#8221;][vc_column_inner el_class=&#8221;carlsten-table-column&#8221; width=&#8221;1\/3&#8243;][vc_column_text css=&#8221;&#8221; el_class=&#8221;carlsten-date&#8221;]Friday 4 Dec[\/vc_column_text][\/vc_column_inner][vc_column_inner el_class=&#8221;carlsten-table-column&#8221; width=&#8221;1\/3&#8243;][vc_column_text css=&#8221;&#8221; el_class=&#8221;carlsten-date&#8221;]Saturday 5 Dec[\/vc_column_text][\/vc_column_inner][vc_column_inner el_class=&#8221;carlsten-table-column&#8221; width=&#8221;1\/3&#8243;][\/vc_column_inner][\/vc_row_inner][vc_row_inner css=&#8221;.vc_custom_1484568658606{background-color: #f4f6f6 !important;}&#8221; el_class=&#8221;carlsten-table-inner-row&#8221;][vc_column_inner width=&#8221;1\/3&#8243;][vc_column_text css=&#8221;&#8221; el_class=&#8221;carlsten-date&#8221;]Friday 11 Dec[\/vc_column_text][\/vc_column_inner][vc_column_inner width=&#8221;1\/3&#8243;][vc_column_text css=&#8221;&#8221; el_class=&#8221;carlsten-date&#8221;]Saturday 12 Dec[\/vc_column_text][\/vc_column_inner][vc_column_inner width=&#8221;1\/3&#8243;][vc_column_text css=&#8221;&#8221; el_class=&#8221;carlsten-date&#8221;]Sunday 13 Dec[\/vc_column_text][\/vc_column_inner][\/vc_row_inner][vc_row_inner css=&#8221;.vc_custom_1484568658606{background-color: #f4f6f6 !important;}&#8221; el_class=&#8221;carlsten-table-inner-row&#8221;][vc_column_inner width=&#8221;1\/3&#8243;][vc_column_text css=&#8221;&#8221; el_class=&#8221;carlsten-date&#8221;]Friday 18 Dec[\/vc_column_text][\/vc_column_inner][vc_column_inner width=&#8221;1\/3&#8243;][vc_column_text css=&#8221;&#8221; el_class=&#8221;carlsten-date&#8221;]Saturday 19 Dec[\/vc_column_text][\/vc_column_inner][vc_column_inner width=&#8221;1\/3&#8243;][\/vc_column_inner][\/vc_row_inner][vc_column_text css=&#8221;.vc_custom_1655107465240{border-top-width: 1px !important;border-bottom-width: 1px !important;padding-top: 25px !important;padding-right: 25px !important;padding-bottom: 25px !important;padding-left: 25px !important;background-color: #f4f6f6 !important;border-top-color: #175f6d !important;border-top-style: solid !important;border-bottom-color: #175f6d !important;border-bottom-style: solid !important;}&#8221;]<\/p>\n<ul>\n<li class=\"MAIN_br\u00f6dtext\">If a date is crossed out, it means that it is fully booked for that date.<\/li>\n<li class=\"MAIN_br\u00f6dtext\">Larger groups can also book other days.<\/li>\n<\/ul>\n<p>[\/vc_column_text][vc_row_inner][vc_column_inner width=&#8221;1\/2&#8243;][vc_column_text css=&#8221;.vc_custom_1767861124430{margin-top: 30px !important;}&#8221;]<\/p>\n<h3>Price Christmas table<\/h3>\n<p>Adults: 870 kr[\/vc_column_text][\/vc_column_inner][vc_column_inner width=&#8221;1\/2&#8243;][vc_column_text css=&#8221;.vc_custom_1767861153531{margin-top: 30px !important;}&#8221;]<\/p>\n<h3>Family Sunday<\/h3>\n<p>Christmas table for 780 kr<br \/>\nChildren 7-12 years: 445 kr<br \/>\nChildren 3-6 years: 290 kr<br \/>\nChildren 0-2 years: Free[\/vc_column_text][\/vc_column_inner][\/vc_row_inner][vc_column_text css=&#8221;.vc_custom_1706702754853{margin-top: 30px !important;}&#8221;]<\/p>\n<h3>Book<\/h3>\n<p>The easiest way to book is to fill in the form on this page. It is also possible to email your booking to thomas@carlstenrestaurang.se or call 0709-10 56 01[\/vc_column_text][\/vc_column][vc_column width=&#8221;1\/3&#8243; css=&#8221;.vc_custom_1767858292316{background-color: #f4f6f6 !important;}&#8221; el_class=&#8221;hide&#8221;][vc_single_image image=&#8221;3423&#8243; img_size=&#8221;full&#8221; css=&#8221;.vc_custom_1484596508388{margin-top: 0px !important;margin-right: 0px !important;margin-bottom: 25px !important;margin-left: 0px !important;padding-top: 0px !important;padding-right: 0px !important;padding-bottom: 0px !important;padding-left: 0px !important;}&#8221;][vc_column_text css=&#8221;&#8221;]<\/p>\n<h2>Book here<\/h2>\n<p>If you have any questions regarding the Christmas table, please email Thomas at  <a href=\"mailto:thomas@1860.se\">thomas@1860.se<\/a><a href=\"mailto:thomas@1860.se\"><br \/>\n<\/a><strong>*<\/strong> = mandatory field[\/vc_column_text]<div class=\"wpforms-container wpforms-container-full\" id=\"wpforms-2077\"><form id=\"wpforms-form-2077\" class=\"wpforms-validate wpforms-form\" data-formid=\"2077\" method=\"post\" enctype=\"multipart\/form-data\" action=\"\/en\/wp-json\/wp\/v2\/pages\/3861\" data-token=\"7284c71e325af9e34c2a7b2e4691424e\"><noscript class=\"wpforms-error-noscript\">Please enable JavaScript in your browser to complete this form.<\/noscript><div class=\"wpforms-field-container\"><div id=\"wpforms-2077-field_1-container\" class=\"wpforms-field wpforms-field-name\" data-field-id=\"1\"><label class=\"wpforms-field-label\" for=\"wpforms-2077-field_1\">Namn <span class=\"wpforms-required-label\">*<\/span><\/label><div class=\"wpforms-field-row wpforms-field-large\"><div class=\"wpforms-field-row-block wpforms-first wpforms-one-half\"><input type=\"text\" id=\"wpforms-2077-field_1\" class=\"wpforms-field-name-first wpforms-field-required\" name=\"wpforms[fields][1][first]\" required><label for=\"wpforms-2077-field_1\" class=\"wpforms-field-sublabel after wpforms-sublabel-hide\">First<\/label><\/div><div class=\"wpforms-field-row-block wpforms-one-half\"><input type=\"text\" id=\"wpforms-2077-field_1-last\" class=\"wpforms-field-name-last wpforms-field-required\" name=\"wpforms[fields][1][last]\" required><label for=\"wpforms-2077-field_1-last\" class=\"wpforms-field-sublabel after wpforms-sublabel-hide\">Last<\/label><\/div><\/div><\/div><div id=\"wpforms-2077-field_2-container\" class=\"wpforms-field wpforms-field-email\" data-field-id=\"2\"><label class=\"wpforms-field-label\" for=\"wpforms-2077-field_2\">E-post <span class=\"wpforms-required-label\">*<\/span><\/label><input type=\"email\" id=\"wpforms-2077-field_2\" class=\"wpforms-field-large wpforms-field-required\" name=\"wpforms[fields][2]\" required><\/div><div id=\"wpforms-2077-field_3-container\" class=\"wpforms-field wpforms-field-phone\" data-field-id=\"3\"><label class=\"wpforms-field-label\" for=\"wpforms-2077-field_3\">Telefon <span class=\"wpforms-required-label\">*<\/span><\/label><input type=\"tel\" id=\"wpforms-2077-field_3\" class=\"wpforms-field-large wpforms-field-required\" data-rule-int-phone-field=\"true\" name=\"wpforms[fields][3]\" required><\/div><div id=\"wpforms-2077-field_15-container\" class=\"wpforms-field wpforms-field-text\" data-field-id=\"15\"><label class=\"wpforms-field-label\" for=\"wpforms-2077-field_15\">Ort \/ Stad <span class=\"wpforms-required-label\">*<\/span><\/label><input type=\"text\" id=\"wpforms-2077-field_15\" class=\"wpforms-field-large wpforms-field-required\" name=\"wpforms[fields][15]\" required><\/div><div id=\"wpforms-2077-field_5-container\" class=\"wpforms-field wpforms-field-select wpforms-field-select-style-classic\" data-field-id=\"5\"><label class=\"wpforms-field-label\" for=\"wpforms-2077-field_5\">Antal vuxna (\u00f6ver 12 \u00e5r) <span class=\"wpforms-required-label\">*<\/span><\/label><select id=\"wpforms-2077-field_5\" class=\"wpforms-field-large wpforms-field-required\" name=\"wpforms[fields][5]\" required=\"required\"><option value=\"\" class=\"placeholder\" disabled  selected='selected'>V\u00e4lj antal vuxna \u00f6ver 12 \u00e5r<\/option><option value=\"1\" >1<\/option><option value=\"2\" >2<\/option><option value=\"3\" >3<\/option><option value=\"4\" >4<\/option><option value=\"5\" >5<\/option><option value=\"6\" >6<\/option><option value=\"7\" >7<\/option><option value=\"8\" >8<\/option><option value=\"9\" >9<\/option><option value=\"10\" >10<\/option><option value=\"11\" >11<\/option><option value=\"12\" >12<\/option><option value=\"13\" >13<\/option><option value=\"14\" >14<\/option><option value=\"15\" >15<\/option><option value=\"16\" >16<\/option><option value=\"17\" >17<\/option><option value=\"18\" >18<\/option><option value=\"19\" >19<\/option><option value=\"20\" >20<\/option><option value=\"Fler \u00e4n 20\" >Fler \u00e4n 20<\/option><\/select><\/div><div id=\"wpforms-2077-field_6-container\" class=\"wpforms-field wpforms-field-select wpforms-field-select-style-classic\" data-field-id=\"6\"><label class=\"wpforms-field-label\" for=\"wpforms-2077-field_6\">Antal barn (7-12 \u00e5r) <span class=\"wpforms-required-label\">*<\/span><\/label><select id=\"wpforms-2077-field_6\" class=\"wpforms-field-large wpforms-field-required\" name=\"wpforms[fields][6]\" required=\"required\"><option value=\"0\" >0<\/option><option value=\"1\" >1<\/option><option value=\"2\" >2<\/option><option value=\"3\" >3<\/option><option value=\"4\" >4<\/option><option value=\"5\" >5<\/option><option value=\"6\" >6<\/option><option value=\"7\" >7<\/option><option value=\"8\" >8<\/option><option value=\"9\" >9<\/option><option value=\"10\" >10<\/option><option value=\"11\" >11<\/option><option value=\"12\" >12<\/option><option value=\"13\" >13<\/option><option value=\"14\" >14<\/option><option value=\"15\" >15<\/option><option value=\"16\" >16<\/option><option value=\"17\" >17<\/option><option value=\"18\" >18<\/option><option value=\"19\" >19<\/option><option value=\"20\" >20<\/option><option value=\"Fler \u00e4n 20\" >Fler \u00e4n 20<\/option><\/select><\/div><div id=\"wpforms-2077-field_7-container\" class=\"wpforms-field wpforms-field-select wpforms-field-select-style-classic\" data-field-id=\"7\"><label class=\"wpforms-field-label\" for=\"wpforms-2077-field_7\">Antal barn (3-6 \u00e5r) <span class=\"wpforms-required-label\">*<\/span><\/label><select id=\"wpforms-2077-field_7\" class=\"wpforms-field-large wpforms-field-required\" name=\"wpforms[fields][7]\" required=\"required\"><option value=\"0\" >0<\/option><option value=\"1\" >1<\/option><option value=\"2\" >2<\/option><option value=\"3\" >3<\/option><option value=\"4\" >4<\/option><option value=\"5\" >5<\/option><option value=\"6\" >6<\/option><option value=\"7\" >7<\/option><option value=\"8\" >8<\/option><option value=\"9\" >9<\/option><option value=\"10\" >10<\/option><option value=\"11\" >11<\/option><option value=\"12\" >12<\/option><option value=\"13\" >13<\/option><option value=\"14\" >14<\/option><option value=\"15\" >15<\/option><option value=\"16\" >16<\/option><option value=\"17\" >17<\/option><option value=\"18\" >18<\/option><option value=\"19\" >19<\/option><option value=\"20\" >20<\/option><option value=\"Fler \u00e4n 20\" >Fler \u00e4n 20<\/option><\/select><\/div><div id=\"wpforms-2077-field_8-container\" class=\"wpforms-field wpforms-field-select wpforms-field-select-style-classic\" data-field-id=\"8\"><label class=\"wpforms-field-label\" for=\"wpforms-2077-field_8\">Antal barn (0-2 \u00e5r) <span class=\"wpforms-required-label\">*<\/span><\/label><select id=\"wpforms-2077-field_8\" class=\"wpforms-field-large wpforms-field-required\" name=\"wpforms[fields][8]\" required=\"required\"><option value=\"0\" >0<\/option><option value=\"1\" >1<\/option><option value=\"2\" >2<\/option><option value=\"3\" >3<\/option><option value=\"4\" >4<\/option><option value=\"5\" >5<\/option><option value=\"6\" >6<\/option><option value=\"7\" >7<\/option><option value=\"8\" >8<\/option><option value=\"9\" >9<\/option><option value=\"10\" >10<\/option><option value=\"11\" >11<\/option><option value=\"12\" >12<\/option><option value=\"13\" >13<\/option><option value=\"14\" >14<\/option><option value=\"15\" >15<\/option><option value=\"16\" >16<\/option><option value=\"17\" >17<\/option><option value=\"18\" >18<\/option><option value=\"19\" >19<\/option><option value=\"20\" >20<\/option><option value=\"Fler \u00e4n 20\" >Fler \u00e4n 20<\/option><\/select><\/div><div id=\"wpforms-2077-field_10-container\" class=\"wpforms-field wpforms-field-select wpforms-field-select-style-classic\" data-field-id=\"10\"><label class=\"wpforms-field-label\" for=\"wpforms-2077-field_10\">\u00d6nskat datum <span class=\"wpforms-required-label\">*<\/span><\/label><select id=\"wpforms-2077-field_10\" class=\"wpforms-field-large wpforms-field-required\" name=\"wpforms[fields][10]\" required=\"required\"><option value=\"\" class=\"placeholder\" disabled  selected='selected'>V\u00e4lj datum<\/option><option value=\"l\u00f6rdag 29 november 2025\" >l\u00f6rdag 29 november 2025<\/option><option value=\"l\u00f6rdag 6 december 2025\" >l\u00f6rdag 6 december 2025<\/option><option value=\"fredag 12 december 2025\" >fredag 12 december 2025<\/option><option value=\"l\u00f6rdag 13 december 2025\" >l\u00f6rdag 13 december 2025<\/option><option value=\"s\u00f6ndag 14 december 2025\" >s\u00f6ndag 14 december 2025<\/option><option value=\"fredag 19 december 2025\" >fredag 19 december 2025<\/option><option value=\"l\u00f6rdag 20 december 2025\" >l\u00f6rdag 20 december 2025<\/option><option value=\"Vet ej\" >Vet ej<\/option><\/select><div class=\"wpforms-field-description\">V\u00e4lj datum f\u00f6r ditt julbord<\/div><\/div><div id=\"wpforms-2077-field_11-container\" class=\"wpforms-field wpforms-field-textarea\" data-field-id=\"11\"><label class=\"wpforms-field-label\" for=\"wpforms-2077-field_11\">Eventuella \u00f6nskem\u00e5l<\/label><textarea id=\"wpforms-2077-field_11\" class=\"wpforms-field-large\" name=\"wpforms[fields][11]\" ><\/textarea><\/div><\/div><div class=\"wpforms-submit-container\" ><input type=\"hidden\" name=\"wpforms[id]\" value=\"2077\"><input type=\"hidden\" name=\"wpforms[author]\" value=\"1\"><button type=\"submit\" name=\"wpforms[submit]\" class=\"wpforms-submit \" id=\"wpforms-submit-2077\" value=\"wpforms-submit\" aria-live=\"assertive\" data-alt-text=\"Skickar...\" data-submit-text=\"Skicka bokning\">Skicka bokning<\/button><\/div><\/form><\/div>  <!-- .wpforms-container -->[\/vc_column][\/vc_row][vc_row el_class=&#8221;carlsten-signatur-wrap&#8221;][vc_column width=&#8221;1\/6&#8243;][vc_single_image image=&#8221;3479&#8243; style=&#8221;vc_box_circle&#8221; el_class=&#8221;carlsten-signatur-image&#8221;][\/vc_column][vc_column width=&#8221;5\/6&#8243;][vc_column_text el_class=&#8221;carlsten-signatur-text&#8221;]Welcome to Carlsten Fortress[\/vc_column_text][vc_column_text el_class=&#8221;carlsten-signatur-signatur&#8221;]Thomas &amp; Nina Berndtsson with staff[\/vc_column_text][vc_column_text el_class=&#8221;carlsten-signatur-kontakt&#8221;]<i class=\"fa fa-envelope\"><\/i> thomas@carlstenrestaurang.se <i class=\"fa fa-phone\"><\/i> 0709-10 56 01 \/\/ <i class=\"fa fa-envelope\"><\/i> <a href=\"mailto:nina@carlstenrestaurang.se\"> nina@carlstenrestaurang.se.se<\/a> <i class=\"fa fa-phone\"><\/i>0739-99 65 49[\/vc_column_text][\/vc_column][\/vc_row]<\/p>\n<\/div>","protected":false},"excerpt":{"rendered":"<p>[vc_row full_width=&#8221;stretch_row&#8221; parallax=&#8221;content-moving&#8221; parallax_image=&#8221;703&#8243; css=&#8221;.vc_custom_1655107236734{background-color: #f4f6f6 !important;}&#8221;][vc_column width=&#8221;1\/6&#8243;][\/vc_column][vc_column width=&#8221;2\/3&#8243;][vc_single_image image=&#8221;3355&#8243; img_size=&#8221;full&#8221; style=&#8221;vc_box_shadow_border&#8221; css=&#8221;.vc_custom_1484593237485{border: 8px solid #ffffff !important;}&#8221;][\/vc_column][vc_column width=&#8221;1\/6&#8243;][\/vc_column][\/vc_row][vc_row full_width=&#8221;stretch_row&#8221; el_class=&#8221;ho-infobox-wrapper&#8221;][vc_column][vc_message icon_fontawesome=&#8221;fa fa-solid fa-snowflake&#8221; css_animation=&#8221;fadeIn&#8221; css=&#8221;&#8221; el_class=&#8221;ho-infobox&#8221;]We thank all the guests who visited Marstrand&#8217;s largest Christmas buffet with us. For those of you who missed this, there will be another chance in 2026 with probably the &hellip; <a href=\"https:\/\/carlsten.se\/en\/christmas-table-at-carlsten-fortress-2025\/\" title=\"Christmas table at Carlsten Fortress\" class=\"read-more\">Read More<\/a><\/p>\n","protected":false},"author":1,"featured_media":3423,"parent":0,"menu_order":0,"comment_status":"closed","ping_status":"closed","template":"","meta":{"footnotes":""},"class_list":["post-3861","page","type-page","status-publish","has-post-thumbnail","hentry"],"_links":{"self":[{"href":"https:\/\/carlsten.se\/en\/wp-json\/wp\/v2\/pages\/3861","targetHints":{"allow":["GET"]}}],"collection":[{"href":"https:\/\/carlsten.se\/en\/wp-json\/wp\/v2\/pages"}],"about":[{"href":"https:\/\/carlsten.se\/en\/wp-json\/wp\/v2\/types\/page"}],"author":[{"embeddable":true,"href":"https:\/\/carlsten.se\/en\/wp-json\/wp\/v2\/users\/1"}],"replies":[{"embeddable":true,"href":"https:\/\/carlsten.se\/en\/wp-json\/wp\/v2\/comments?post=3861"}],"version-history":[{"count":46,"href":"https:\/\/carlsten.se\/en\/wp-json\/wp\/v2\/pages\/3861\/revisions"}],"predecessor-version":[{"id":4756,"href":"https:\/\/carlsten.se\/en\/wp-json\/wp\/v2\/pages\/3861\/revisions\/4756"}],"wp:featuredmedia":[{"embeddable":true,"href":"https:\/\/carlsten.se\/en\/wp-json\/wp\/v2\/media\/3423"}],"wp:attachment":[{"href":"https:\/\/carlsten.se\/en\/wp-json\/wp\/v2\/media?parent=3861"}],"curies":[{"name":"wp","href":"https:\/\/api.w.org\/{rel}","templated":true}]}}