{"id":3965,"date":"2017-01-18T09:24:04","date_gmt":"2017-01-18T08:24:04","guid":{"rendered":"https:\/\/carlsten.se\/conference-activities\/"},"modified":"2025-05-21T12:08:06","modified_gmt":"2025-05-21T10:08:06","slug":"conference-activities","status":"publish","type":"page","link":"https:\/\/carlsten.se\/en\/conference-activities\/","title":{"rendered":"Conference activities"},"content":{"rendered":"<div class=\"wpb-content-wrapper\"><p>[vc_row][vc_column width=&#8221;2\/3&#8243;][vc_column_text]During the conference stay, you may want to break your own activities for some element or activity for your participants. Here we list and present some suggestions for different activities that we are happy to help you organize. Of course, you can make other suggestions and we will do our best to make it happen![\/vc_column_text][\/vc_column][vc_column width=&#8221;1\/3&#8243;][\/vc_column][\/vc_row][vc_row gap=&#8221;25&#8243; equal_height=&#8221;yes&#8221;][vc_column width=&#8221;1\/3&#8243; css=&#8221;.vc_custom_1558431353439{padding-top: 25px !important;padding-right: 25px !important;padding-bottom: 25px !important;padding-left: 25px !important;background-color: #f4f6f6 !important;}&#8221;][vc_single_image image=&#8221;590&#8243; alignment=&#8221;center&#8221; style=&#8221;vc_box_circle&#8221;][vc_column_text]<\/p>\n<h3 style=\"text-align: center;\">The Fortress Pentathlon<\/h3>\n<p style=\"text-align: center;\">A fun, fast-paced and different way to socialize<\/p>\n<p>[\/vc_column_text][vc_wp_text el_class=&#8221;carlsten-btn-wrap&#8221;]<a class=\"carlsten-btn carlsten-btn-1 carlsten-btn-1e\" href=\"https:\/\/carlsten.se\/en\/the-fortress-pentathlon\/\">Read more<\/a>[\/vc_wp_text][\/vc_column][vc_column width=&#8221;1\/3&#8243; css=&#8221;.vc_custom_1558431358342{padding-top: 25px !important;padding-right: 25px !important;padding-bottom: 25px !important;padding-left: 25px !important;background-color: #f4f6f6 !important;}&#8221;][vc_single_image image=&#8221;837&#8243; alignment=&#8221;center&#8221; style=&#8221;vc_box_circle&#8221;][vc_column_text]<\/p>\n<h3 style=\"text-align: center;\">The Carlsten Fortress Game<\/h3>\n<p style=\"text-align: center;\">Marching Carolinians, thundering musket fire and pungent gunpowder smoke<\/p>\n<p>[\/vc_column_text][vc_wp_text el_class=&#8221;carlsten-btn-wrap&#8221;]<a class=\"carlsten-btn carlsten-btn-1 carlsten-btn-1e\" href=\"https:\/\/carlsten.se\/en\/fortress-games-at-carlsten\/\">Read more<\/a>[\/vc_wp_text][\/vc_column][vc_column width=&#8221;1\/3&#8243; css=&#8221;.vc_custom_1558431363225{background-color: #f4f6f6 !important;}&#8221;][vc_single_image image=&#8221;780&#8243; alignment=&#8221;center&#8221; style=&#8221;vc_box_circle&#8221;][vc_column_text]<\/p>\n<h3 style=\"text-align: center;\">Entertainment &amp; dance<\/h3>\n<p style=\"text-align: center;\">Why not enjoy a troubadour during dinner<\/p>\n<p>[\/vc_column_text][vc_wp_text el_class=&#8221;carlsten-btn-wrap&#8221;]<a class=\"carlsten-btn carlsten-btn-1 carlsten-btn-1e\" href=\"https:\/\/carlsten.se\/en\/entertainment-dance\/\">Read more<\/a>[\/vc_wp_text][\/vc_column][\/vc_row][vc_row gap=&#8221;25&#8243; equal_height=&#8221;yes&#8221;][vc_column width=&#8221;1\/3&#8243; css=&#8221;.vc_custom_1558431373993{padding-top: 25px !important;padding-right: 25px !important;padding-bottom: 25px !important;padding-left: 25px !important;background-color: #f4f6f6 !important;}&#8221;][vc_single_image image=&#8221;992&#8243; alignment=&#8221;center&#8221; style=&#8221;vc_box_circle&#8221;][vc_column_text]<\/p>\n<h3 style=\"text-align: center;\">Mentometer quiz<\/h3>\n<p style=\"text-align: center;\">Now we present a new entertaining and captivating activity at Carlstens F\u00e4stning<\/p>\n<p>[\/vc_column_text][vc_wp_text el_class=&#8221;carlsten-btn-wrap&#8221;]<a class=\"carlsten-btn carlsten-btn-1 carlsten-btn-1e\" href=\"https:\/\/carlsten.se\/en\/mentometer-quiz\/\">Read more<\/a>[\/vc_wp_text][\/vc_column][vc_column width=&#8221;2\/3&#8243; css=&#8221;.vc_custom_1558431369493{padding-top: 25px !important;padding-right: 25px !important;padding-bottom: 25px !important;padding-left: 25px !important;background-color: #f4f6f6 !important;}&#8221;][vc_single_image image=&#8221;996&#8243; alignment=&#8221;center&#8221; style=&#8221;vc_box_circle&#8221;][vc_column_text]<\/p>\n<h3 style=\"text-align: center;\">Even more activities!<\/h3>\n<ul>\n<li style=\"text-align: left;\">Rib boat trips<\/li>\n<li style=\"text-align: left;\">City walk in Marstrand town to experience the community and get a real leg stretch.<\/li>\n<li style=\"text-align: left;\">Walks around the island with a picnic basket that we fill as desired.<\/li>\n<li style=\"text-align: left;\">Evening activity where we taste different wines, schnapps and beers in a pleasant atmosphere.<\/li>\n<li style=\"text-align: left;\">Boat trips out to coastal communities such as \u00c5stol, Sk\u00e4rhamn, Kl\u00e4desholmen. Everything as desired. <\/li>\n<li style=\"text-align: left;\">Sea fishing trip with real fishing boat and equipment to the \u201creal\u201d fishing spots.<\/li>\n<li style=\"text-align: left;\">Paddling trips by sea kayak or canoe.<\/li>\n<li style=\"text-align: left;\">Sailing, with crew or on your own.<\/li>\n<li style=\"text-align: left;\">Diving in crystal clear waters. Marstrand with one of Sweden&#8217;s best dive centers. <\/li>\n<li style=\"text-align: left;\">Golf courses are within easy reach. In about 20 minutes drive you will find several good golf courses.  <\/li>\n<li style=\"text-align: left;\">Tennis court available on Marstrand Island<\/li>\n<\/ul>\n<p>[\/vc_column_text][\/vc_column][\/vc_row][vc_row el_class=&#8221;carlsten-signatur-wrap&#8221; css=&#8221;.vc_custom_1484734600672{margin-top: 40px !important;}&#8221;][vc_column width=&#8221;1\/6&#8243;][vc_single_image image=&#8221;841&#8243; style=&#8221;vc_box_circle&#8221; el_class=&#8221;carlsten-signatur-image&#8221;][\/vc_column][vc_column width=&#8221;5\/6&#8243;][vc_column_text el_class=&#8221;carlsten-signatur-text&#8221;]Please contact me if you have any questions about conference activities[\/vc_column_text][vc_column_text el_class=&#8221;carlsten-signatur-signatur&#8221;]Thomas Berndtsson and staff[\/vc_column_text][vc_column_text el_class=&#8221;carlsten-signatur-kontakt&#8221;]<i class=\"fa fa-envelope\"><\/i> thomas@carlstenrestaurang.se <i class=\"fa fa-phone\"><\/i> 0709-10 56 01[\/vc_column_text][\/vc_column][\/vc_row]<\/p>\n<\/div>","protected":false},"excerpt":{"rendered":"<p>[vc_row][vc_column width=&#8221;2\/3&#8243;][vc_column_text]During the conference stay, you may want to break your own activities for some element or activity for your participants. Here we list and present some suggestions for different activities that we are happy to help you organize. Of course, you can make other suggestions and we will do our best to make it &hellip; <a href=\"https:\/\/carlsten.se\/en\/conference-activities\/\" title=\"Conference activities\" class=\"read-more\">Read More<\/a><\/p>\n","protected":false},"author":1,"featured_media":0,"parent":0,"menu_order":0,"comment_status":"closed","ping_status":"closed","template":"","meta":{"footnotes":""},"class_list":["post-3965","page","type-page","status-publish","hentry"],"_links":{"self":[{"href":"https:\/\/carlsten.se\/en\/wp-json\/wp\/v2\/pages\/3965","targetHints":{"allow":["GET"]}}],"collection":[{"href":"https:\/\/carlsten.se\/en\/wp-json\/wp\/v2\/pages"}],"about":[{"href":"https:\/\/carlsten.se\/en\/wp-json\/wp\/v2\/types\/page"}],"author":[{"embeddable":true,"href":"https:\/\/carlsten.se\/en\/wp-json\/wp\/v2\/users\/1"}],"replies":[{"embeddable":true,"href":"https:\/\/carlsten.se\/en\/wp-json\/wp\/v2\/comments?post=3965"}],"version-history":[{"count":1,"href":"https:\/\/carlsten.se\/en\/wp-json\/wp\/v2\/pages\/3965\/revisions"}],"predecessor-version":[{"id":3968,"href":"https:\/\/carlsten.se\/en\/wp-json\/wp\/v2\/pages\/3965\/revisions\/3968"}],"wp:attachment":[{"href":"https:\/\/carlsten.se\/en\/wp-json\/wp\/v2\/media?parent=3965"}],"curies":[{"name":"wp","href":"https:\/\/api.w.org\/{rel}","templated":true}]}}